{"id":89,"date":"2022-06-08T20:27:59","date_gmt":"2022-06-08T20:27:59","guid":{"rendered":"http:\/\/cforenseprueba.org\/home\/?page_id=89"},"modified":"2022-07-01T10:48:21","modified_gmt":"2022-07-01T10:48:21","slug":"atencion-al-afiliado","status":"publish","type":"page","link":"https:\/\/cforense.org\/home\/atencion-al-afiliado\/","title":{"rendered":"Atenci\u00f3n al afiliado"},"content":{"rendered":"\n<div class=\"wp-block-columns is-layout-flex wp-container-core-columns-is-layout-28f84493 wp-block-columns-is-layout-flex\">\n<div class=\"wp-block-column is-layout-flow wp-block-column-is-layout-flow\">\n<figure class=\"wp-block-image size-large\"><a href=\"http:\/\/sd-1366490-h00002.ferozo.net\/home\/wp-content\/uploads\/2022\/07\/Atencion-Afiliado-Santa-Rosa.jpg\"><img fetchpriority=\"high\" decoding=\"async\" width=\"1024\" height=\"526\" src=\"http:\/\/sd-1366490-h00002.ferozo.net\/home\/wp-content\/uploads\/2022\/07\/Atencion-Afiliado-Santa-Rosa-1024x526.jpg\" alt=\"\" class=\"wp-image-321\" srcset=\"https:\/\/cforense.org\/home\/wp-content\/uploads\/2022\/07\/Atencion-Afiliado-Santa-Rosa-1024x526.jpg 1024w, https:\/\/cforense.org\/home\/wp-content\/uploads\/2022\/07\/Atencion-Afiliado-Santa-Rosa-300x154.jpg 300w\" sizes=\"(max-width: 1024px) 100vw, 1024px\" \/><\/a><\/figure>\n<\/div>\n\n\n\n<div class=\"wp-block-column is-layout-flow wp-block-column-is-layout-flow\">\n<h3 class=\"wp-block-heading\">Sede Central Santa Rosa<\/h3>\n\n\n\n<p>C.P.N. Wanda L. BELEN<br>A.S. Ruben Dar\u00edo CULLA<br>Yanina P. MU\u00d1OZ<\/p>\n<\/div>\n<\/div>\n\n\n\n<div class=\"wp-block-columns is-layout-flex wp-container-core-columns-is-layout-28f84493 wp-block-columns-is-layout-flex\">\n<div class=\"wp-block-column is-layout-flow wp-block-column-is-layout-flow\">\n<figure class=\"wp-block-image size-large\"><a href=\"http:\/\/sd-1366490-h00002.ferozo.net\/home\/wp-content\/uploads\/2022\/07\/Atencion-afiliado-Ciudad-Judicial-1.jpg\"><img decoding=\"async\" width=\"1024\" height=\"542\" data-src=\"http:\/\/sd-1366490-h00002.ferozo.net\/home\/wp-content\/uploads\/2022\/07\/Atencion-afiliado-Ciudad-Judicial-1-1024x542.jpg\" alt=\"\" class=\"wp-image-322 lazyload\" data-srcset=\"https:\/\/cforense.org\/home\/wp-content\/uploads\/2022\/07\/Atencion-afiliado-Ciudad-Judicial-1-1024x542.jpg 1024w, https:\/\/cforense.org\/home\/wp-content\/uploads\/2022\/07\/Atencion-afiliado-Ciudad-Judicial-1-300x159.jpg 300w, https:\/\/cforense.org\/home\/wp-content\/uploads\/2022\/07\/Atencion-afiliado-Ciudad-Judicial-1.jpg 1200w\" data-sizes=\"(max-width: 1024px) 100vw, 1024px\" src=\"data:image\/svg+xml;base64,PHN2ZyB3aWR0aD0iMSIgaGVpZ2h0PSIxIiB4bWxucz0iaHR0cDovL3d3dy53My5vcmcvMjAwMC9zdmciPjwvc3ZnPg==\" style=\"--smush-placeholder-width: 1024px; --smush-placeholder-aspect-ratio: 1024\/542;\" \/><\/a><\/figure>\n<\/div>\n\n\n\n<div class=\"wp-block-column is-layout-flow wp-block-column-is-layout-flow\">\n<h3 class=\"wp-block-heading\">Ciudad Judicial<\/h3>\n\n\n\n<p>Edgardo R. CHICCO<br>N\u00e9stor Fabi\u00e1n LABATTE<br>Pamela ALVAREZ<\/p>\n<\/div>\n<\/div>\n\n\n\n<div class=\"wp-block-columns is-layout-flex wp-container-core-columns-is-layout-28f84493 wp-block-columns-is-layout-flex\">\n<div class=\"wp-block-column is-layout-flow wp-block-column-is-layout-flow\">\n<figure class=\"wp-block-image size-full\"><a href=\"http:\/\/sd-1366490-h00002.ferozo.net\/home\/wp-content\/uploads\/2022\/07\/20181114_114632.jpg\"><img decoding=\"async\" width=\"956\" height=\"704\" data-src=\"http:\/\/sd-1366490-h00002.ferozo.net\/home\/wp-content\/uploads\/2022\/07\/20181114_114632.jpg\" alt=\"\" class=\"wp-image-324 lazyload\" data-srcset=\"https:\/\/cforense.org\/home\/wp-content\/uploads\/2022\/07\/20181114_114632.jpg 956w, https:\/\/cforense.org\/home\/wp-content\/uploads\/2022\/07\/20181114_114632-300x221.jpg 300w\" data-sizes=\"(max-width: 956px) 100vw, 956px\" src=\"data:image\/svg+xml;base64,PHN2ZyB3aWR0aD0iMSIgaGVpZ2h0PSIxIiB4bWxucz0iaHR0cDovL3d3dy53My5vcmcvMjAwMC9zdmciPjwvc3ZnPg==\" style=\"--smush-placeholder-width: 956px; --smush-placeholder-aspect-ratio: 956\/704;\" \/><\/a><\/figure>\n<\/div>\n\n\n\n<div class=\"wp-block-column is-layout-flow wp-block-column-is-layout-flow\">\n<h3 class=\"wp-block-heading\">General Acha<\/h3>\n\n\n\n<p>Mirta S. Marticorena<\/p>\n<\/div>\n<\/div>\n","protected":false},"excerpt":{"rendered":"<p>Sede Central Santa Rosa C.P.N. Wanda L. BELENA.S. Ruben Dar\u00edo CULLAYanina P. MU\u00d1OZ Ciudad Judicial Edgardo R. CHICCON\u00e9stor Fabi\u00e1n LABATTEPamela ALVAREZ General Acha Mirta S. Marticorena<\/p>\n","protected":false},"author":2,"featured_media":0,"parent":0,"menu_order":0,"comment_status":"closed","ping_status":"closed","template":"","meta":{"_joinchat":[],"footnotes":""},"class_list":["post-89","page","type-page","status-publish","hentry"],"_links":{"self":[{"href":"https:\/\/cforense.org\/home\/wp-json\/wp\/v2\/pages\/89","targetHints":{"allow":["GET"]}}],"collection":[{"href":"https:\/\/cforense.org\/home\/wp-json\/wp\/v2\/pages"}],"about":[{"href":"https:\/\/cforense.org\/home\/wp-json\/wp\/v2\/types\/page"}],"author":[{"embeddable":true,"href":"https:\/\/cforense.org\/home\/wp-json\/wp\/v2\/users\/2"}],"replies":[{"embeddable":true,"href":"https:\/\/cforense.org\/home\/wp-json\/wp\/v2\/comments?post=89"}],"version-history":[{"count":0,"href":"https:\/\/cforense.org\/home\/wp-json\/wp\/v2\/pages\/89\/revisions"}],"wp:attachment":[{"href":"https:\/\/cforense.org\/home\/wp-json\/wp\/v2\/media?parent=89"}],"curies":[{"name":"wp","href":"https:\/\/api.w.org\/{rel}","templated":true}]}}