{"id":76,"date":"2022-06-08T20:25:40","date_gmt":"2022-06-08T20:25:40","guid":{"rendered":"http:\/\/cforenseprueba.org\/home\/?page_id=76"},"modified":"2024-12-19T10:23:00","modified_gmt":"2024-12-19T13:23:00","slug":"organigrama","status":"publish","type":"page","link":"https:\/\/cforense.org\/home\/organigrama\/","title":{"rendered":"Organigrama y El C\u00edrculo Dorado"},"content":{"rendered":"\t\t<div data-elementor-type=\"wp-page\" data-elementor-id=\"76\" class=\"elementor elementor-76\" data-elementor-post-type=\"page\">\n\t\t\t\t<div class=\"elementor-element elementor-element-32949bf e-flex e-con-boxed e-con e-parent\" data-id=\"32949bf\" data-element_type=\"container\" data-e-type=\"container\" data-settings=\"{&quot;jet_parallax_layout_list&quot;:[]}\">\n\t\t\t\t\t<div class=\"e-con-inner\">\n\t\t<div class=\"elementor-element elementor-element-e2f0d3a e-con-full e-flex e-con e-child\" data-id=\"e2f0d3a\" data-element_type=\"container\" data-e-type=\"container\" data-settings=\"{&quot;jet_parallax_layout_list&quot;:[]}\">\n\t\t<div class=\"elementor-element elementor-element-32a4d9c e-flex e-con-boxed e-con e-child\" data-id=\"32a4d9c\" data-element_type=\"container\" data-e-type=\"container\" data-settings=\"{&quot;jet_parallax_layout_list&quot;:[]}\">\n\t\t\t\t\t<div class=\"e-con-inner\">\n\t\t\t\t<div class=\"elementor-element elementor-element-14d36bc elementor-widget__width-auto elementor-widget elementor-widget-heading\" data-id=\"14d36bc\" data-element_type=\"widget\" data-e-type=\"widget\" data-widget_type=\"heading.default\">\n\t\t\t\t<div class=\"elementor-widget-container\">\n\t\t\t\t\t<h2 class=\"elementor-heading-title elementor-size-default\">Organigrama y El C\u00edrculo Dorado<\/h2>\t\t\t\t<\/div>\n\t\t\t\t<\/div>\n\t\t\t\t\t<\/div>\n\t\t\t\t<\/div>\n\t\t<div class=\"elementor-element elementor-element-bbe8bca e-flex e-con-boxed e-con e-child\" data-id=\"bbe8bca\" data-element_type=\"container\" data-e-type=\"container\" data-settings=\"{&quot;jet_parallax_layout_list&quot;:[]}\">\n\t\t\t\t\t<div class=\"e-con-inner\">\n\t\t\t\t<div class=\"elementor-element elementor-element-481819d elementor-widget elementor-widget-image\" data-id=\"481819d\" data-element_type=\"widget\" data-e-type=\"widget\" data-widget_type=\"image.default\">\n\t\t\t\t<div class=\"elementor-widget-container\">\n\t\t\t\t\t\t\t\t\t\t\t\t\t\t\t<img fetchpriority=\"high\" decoding=\"async\" width=\"1940\" height=\"966\" src=\"https:\/\/cforense.org\/home\/wp-content\/uploads\/2024\/12\/ORGANIGRAMA-2024.png\" class=\"attachment-full size-full wp-image-3692\" alt=\"\" srcset=\"https:\/\/cforense.org\/home\/wp-content\/uploads\/2024\/12\/ORGANIGRAMA-2024.png 1940w, https:\/\/cforense.org\/home\/wp-content\/uploads\/2024\/12\/ORGANIGRAMA-2024-300x149.png 300w, https:\/\/cforense.org\/home\/wp-content\/uploads\/2024\/12\/ORGANIGRAMA-2024-1024x510.png 1024w, https:\/\/cforense.org\/home\/wp-content\/uploads\/2024\/12\/ORGANIGRAMA-2024-768x382.png 768w, https:\/\/cforense.org\/home\/wp-content\/uploads\/2024\/12\/ORGANIGRAMA-2024-1536x765.png 1536w\" sizes=\"(max-width: 1940px) 100vw, 1940px\" \/>\t\t\t\t\t\t\t\t\t\t\t\t\t\t\t<\/div>\n\t\t\t\t<\/div>\n\t\t\t\t<div class=\"elementor-element elementor-element-224b01f elementor-widget elementor-widget-image\" data-id=\"224b01f\" data-element_type=\"widget\" data-e-type=\"widget\" data-widget_type=\"image.default\">\n\t\t\t\t<div class=\"elementor-widget-container\">\n\t\t\t\t\t\t\t\t\t\t\t\t\t\t\t<img decoding=\"async\" width=\"1950\" height=\"618\" data-src=\"https:\/\/cforense.org\/home\/wp-content\/uploads\/2024\/12\/AREAS-2024.png\" class=\"attachment-full size-full wp-image-3691 lazyload\" alt=\"\" data-srcset=\"https:\/\/cforense.org\/home\/wp-content\/uploads\/2024\/12\/AREAS-2024.png 1950w, https:\/\/cforense.org\/home\/wp-content\/uploads\/2024\/12\/AREAS-2024-300x95.png 300w, https:\/\/cforense.org\/home\/wp-content\/uploads\/2024\/12\/AREAS-2024-1024x325.png 1024w, https:\/\/cforense.org\/home\/wp-content\/uploads\/2024\/12\/AREAS-2024-768x243.png 768w, https:\/\/cforense.org\/home\/wp-content\/uploads\/2024\/12\/AREAS-2024-1536x487.png 1536w\" data-sizes=\"(max-width: 1950px) 100vw, 1950px\" src=\"data:image\/svg+xml;base64,PHN2ZyB3aWR0aD0iMSIgaGVpZ2h0PSIxIiB4bWxucz0iaHR0cDovL3d3dy53My5vcmcvMjAwMC9zdmciPjwvc3ZnPg==\" style=\"--smush-placeholder-width: 1950px; --smush-placeholder-aspect-ratio: 1950\/618;\" \/>\t\t\t\t\t\t\t\t\t\t\t\t\t\t\t<\/div>\n\t\t\t\t<\/div>\n\t\t\t\t<div class=\"elementor-element elementor-element-7955f2c elementor-widget elementor-widget-image\" data-id=\"7955f2c\" data-element_type=\"widget\" data-e-type=\"widget\" data-widget_type=\"image.default\">\n\t\t\t\t<div class=\"elementor-widget-container\">\n\t\t\t\t\t\t\t\t\t\t\t\t\t\t\t<img decoding=\"async\" width=\"526\" height=\"518\" data-src=\"https:\/\/cforense.org\/home\/wp-content\/uploads\/2022\/11\/circulo-dorado.jpg\" class=\"attachment-full size-full wp-image-1942 lazyload\" alt=\"\" data-srcset=\"https:\/\/cforense.org\/home\/wp-content\/uploads\/2022\/11\/circulo-dorado.jpg 526w, https:\/\/cforense.org\/home\/wp-content\/uploads\/2022\/11\/circulo-dorado-300x295.jpg 300w\" data-sizes=\"(max-width: 526px) 100vw, 526px\" src=\"data:image\/svg+xml;base64,PHN2ZyB3aWR0aD0iMSIgaGVpZ2h0PSIxIiB4bWxucz0iaHR0cDovL3d3dy53My5vcmcvMjAwMC9zdmciPjwvc3ZnPg==\" style=\"--smush-placeholder-width: 526px; --smush-placeholder-aspect-ratio: 526\/518;\" \/>\t\t\t\t\t\t\t\t\t\t\t\t\t\t\t<\/div>\n\t\t\t\t<\/div>\n\t\t\t\t\t<\/div>\n\t\t\t\t<\/div>\n\t\t\t\t<\/div>\n\t\t<div class=\"elementor-element elementor-element-fb97f99 e-con-full e-flex e-con e-child\" data-id=\"fb97f99\" data-element_type=\"container\" data-e-type=\"container\" data-settings=\"{&quot;jet_parallax_layout_list&quot;:[]}\">\n\t\t<div class=\"elementor-element elementor-element-2a50c8b e-flex e-con-boxed e-con e-child\" data-id=\"2a50c8b\" data-element_type=\"container\" data-e-type=\"container\" data-settings=\"{&quot;jet_parallax_layout_list&quot;:[]}\">\n\t\t\t\t\t<div class=\"e-con-inner\">\n\t\t<div class=\"elementor-element elementor-element-ef39e67 e-flex e-con-boxed e-con e-child\" data-id=\"ef39e67\" data-element_type=\"container\" data-e-type=\"container\" data-settings=\"{&quot;jet_parallax_layout_list&quot;:[]}\">\n\t\t\t\t\t<div class=\"e-con-inner\">\n\t\t\t\t<div class=\"elementor-element elementor-element-3686ebe elementor-widget__width-auto elementor-widget elementor-widget-heading\" data-id=\"3686ebe\" data-element_type=\"widget\" data-e-type=\"widget\" data-widget_type=\"heading.default\">\n\t\t\t\t<div class=\"elementor-widget-container\">\n\t\t\t\t\t<h2 class=\"elementor-heading-title elementor-size-default\">Novedades<\/h2>\t\t\t\t<\/div>\n\t\t\t\t<\/div>\n\t\t\t\t\t<\/div>\n\t\t\t\t<\/div>\n\t\t\t\t<div class=\"elementor-element elementor-element-c9edb62 elementor-grid-1 elementor-grid-tablet-1 elementor-grid-mobile-1 elementor-posts--thumbnail-top elementor-widget elementor-widget-posts\" data-id=\"c9edb62\" data-element_type=\"widget\" data-e-type=\"widget\" data-settings=\"{&quot;classic_columns&quot;:&quot;1&quot;,&quot;classic_columns_tablet&quot;:&quot;1&quot;,&quot;classic_columns_mobile&quot;:&quot;1&quot;,&quot;classic_row_gap&quot;:{&quot;unit&quot;:&quot;px&quot;,&quot;size&quot;:35,&quot;sizes&quot;:[]},&quot;classic_row_gap_laptop&quot;:{&quot;unit&quot;:&quot;px&quot;,&quot;size&quot;:&quot;&quot;,&quot;sizes&quot;:[]},&quot;classic_row_gap_tablet&quot;:{&quot;unit&quot;:&quot;px&quot;,&quot;size&quot;:&quot;&quot;,&quot;sizes&quot;:[]},&quot;classic_row_gap_mobile&quot;:{&quot;unit&quot;:&quot;px&quot;,&quot;size&quot;:&quot;&quot;,&quot;sizes&quot;:[]}}\" data-widget_type=\"posts.classic\">\n\t\t\t\t<div class=\"elementor-widget-container\">\n\t\t\t\t\t\t\t<div class=\"elementor-posts-container elementor-posts elementor-posts--skin-classic elementor-grid\" role=\"list\">\n\t\t\t\t<article class=\"elementor-post elementor-grid-item post-4287 post type-post status-publish format-standard has-post-thumbnail hentry category-institucional\" role=\"listitem\">\n\t\t\t\t<a class=\"elementor-post__thumbnail__link\" href=\"https:\/\/cforense.org\/home\/la-caja-forense-de-la-pampa-ahora-en-tu-celular\/\" tabindex=\"-1\" >\n\t\t\t<div class=\"elementor-post__thumbnail\"><img decoding=\"async\" width=\"1072\" height=\"556\" data-src=\"https:\/\/cforense.org\/home\/wp-content\/uploads\/2026\/03\/CF_LP_20260326_APP-WEB.png\" class=\"attachment-full size-full wp-image-4288 lazyload\" alt=\"\" data-srcset=\"https:\/\/cforense.org\/home\/wp-content\/uploads\/2026\/03\/CF_LP_20260326_APP-WEB.png 1072w, https:\/\/cforense.org\/home\/wp-content\/uploads\/2026\/03\/CF_LP_20260326_APP-WEB-300x156.png 300w, https:\/\/cforense.org\/home\/wp-content\/uploads\/2026\/03\/CF_LP_20260326_APP-WEB-1024x531.png 1024w, https:\/\/cforense.org\/home\/wp-content\/uploads\/2026\/03\/CF_LP_20260326_APP-WEB-768x398.png 768w\" data-sizes=\"(max-width: 1072px) 100vw, 1072px\" src=\"data:image\/svg+xml;base64,PHN2ZyB3aWR0aD0iMSIgaGVpZ2h0PSIxIiB4bWxucz0iaHR0cDovL3d3dy53My5vcmcvMjAwMC9zdmciPjwvc3ZnPg==\" style=\"--smush-placeholder-width: 1072px; --smush-placeholder-aspect-ratio: 1072\/556;\" \/><\/div>\n\t\t<\/a>\n\t\t\t\t<div class=\"elementor-post__text\">\n\t\t\t\t<h3 class=\"elementor-post__title\">\n\t\t\t<a href=\"https:\/\/cforense.org\/home\/la-caja-forense-de-la-pampa-ahora-en-tu-celular\/\" >\n\t\t\t\tLa Caja Forense de La Pampa ahora en tu celular\t\t\t<\/a>\n\t\t<\/h3>\n\t\t\t\t<div class=\"elementor-post__meta-data\">\n\t\t\t\t\t<span class=\"elementor-post-date\">\n\t\t\t30\/03\/2026\t\t<\/span>\n\t\t\t\t<\/div>\n\t\t\t\t<div class=\"elementor-post__excerpt\">\n\t\t\t<p>En nuestro compromiso constante por modernizarnos y estar m\u00e1s cerca de nuestros afiliados, nos enorgullece anunciar el lanzamiento de la App Oficial de la Caja<\/p>\n\t\t<\/div>\n\t\t\n\t\t<a class=\"elementor-post__read-more\" href=\"https:\/\/cforense.org\/home\/la-caja-forense-de-la-pampa-ahora-en-tu-celular\/\" aria-label=\"Read more about La Caja Forense de La Pampa ahora en tu celular\" tabindex=\"-1\" >\n\t\t\tLeer m\u00e1s \u00bb\t\t<\/a>\n\n\t\t\t\t<\/div>\n\t\t\t\t<\/article>\n\t\t\t\t<article class=\"elementor-post elementor-grid-item post-4283 post type-post status-publish format-standard has-post-thumbnail hentry category-novedades\" role=\"listitem\">\n\t\t\t\t<a class=\"elementor-post__thumbnail__link\" href=\"https:\/\/cforense.org\/home\/nueva-oferta-academica-gestion-de-cajas-de-prevision-y-seguridad-social\/\" tabindex=\"-1\" >\n\t\t\t<div class=\"elementor-post__thumbnail\"><img decoding=\"async\" width=\"1080\" height=\"700\" data-src=\"https:\/\/cforense.org\/home\/wp-content\/uploads\/2026\/03\/CORD_20260326_DIPLOMATURA-WEB-1.png\" class=\"attachment-full size-full wp-image-4284 lazyload\" alt=\"\" data-srcset=\"https:\/\/cforense.org\/home\/wp-content\/uploads\/2026\/03\/CORD_20260326_DIPLOMATURA-WEB-1.png 1080w, https:\/\/cforense.org\/home\/wp-content\/uploads\/2026\/03\/CORD_20260326_DIPLOMATURA-WEB-1-300x194.png 300w, https:\/\/cforense.org\/home\/wp-content\/uploads\/2026\/03\/CORD_20260326_DIPLOMATURA-WEB-1-1024x664.png 1024w, https:\/\/cforense.org\/home\/wp-content\/uploads\/2026\/03\/CORD_20260326_DIPLOMATURA-WEB-1-768x498.png 768w\" data-sizes=\"(max-width: 1080px) 100vw, 1080px\" src=\"data:image\/svg+xml;base64,PHN2ZyB3aWR0aD0iMSIgaGVpZ2h0PSIxIiB4bWxucz0iaHR0cDovL3d3dy53My5vcmcvMjAwMC9zdmciPjwvc3ZnPg==\" style=\"--smush-placeholder-width: 1080px; --smush-placeholder-aspect-ratio: 1080\/700;\" \/><\/div>\n\t\t<\/a>\n\t\t\t\t<div class=\"elementor-post__text\">\n\t\t\t\t<h3 class=\"elementor-post__title\">\n\t\t\t<a href=\"https:\/\/cforense.org\/home\/nueva-oferta-academica-gestion-de-cajas-de-prevision-y-seguridad-social\/\" >\n\t\t\t\tNueva Oferta Acad\u00e9mica: Gesti\u00f3n de Cajas de Previsi\u00f3n y Seguridad Social\t\t\t<\/a>\n\t\t<\/h3>\n\t\t\t\t<div class=\"elementor-post__meta-data\">\n\t\t\t\t\t<span class=\"elementor-post-date\">\n\t\t\t30\/03\/2026\t\t<\/span>\n\t\t\t\t<\/div>\n\t\t\t\t<div class=\"elementor-post__excerpt\">\n\t\t\t<p>Desde la Caja Forense de La Pampa les compartimos a nuestros afiliados que, como parte de la oferta acad\u00e9mica brindada por la Facultad de Ciencias<\/p>\n\t\t<\/div>\n\t\t\n\t\t<a class=\"elementor-post__read-more\" href=\"https:\/\/cforense.org\/home\/nueva-oferta-academica-gestion-de-cajas-de-prevision-y-seguridad-social\/\" aria-label=\"Read more about Nueva Oferta Acad\u00e9mica: Gesti\u00f3n de Cajas de Previsi\u00f3n y Seguridad Social\" tabindex=\"-1\" >\n\t\t\tLeer m\u00e1s \u00bb\t\t<\/a>\n\n\t\t\t\t<\/div>\n\t\t\t\t<\/article>\n\t\t\t\t<\/div>\n\t\t\n\t\t\t\t\t\t<\/div>\n\t\t\t\t<\/div>\n\t\t\t\t\t<\/div>\n\t\t\t\t<\/div>\n\t\t\t\t<\/div>\n\t\t\t\t\t<\/div>\n\t\t\t\t<\/div>\n\t\t\t\t<\/div>\n\t\t","protected":false},"excerpt":{"rendered":"<p>Novedades<\/p>\n","protected":false},"author":2,"featured_media":0,"parent":0,"menu_order":0,"comment_status":"closed","ping_status":"closed","template":"","meta":{"_joinchat":[],"footnotes":""},"class_list":["post-76","page","type-page","status-publish","hentry"],"_links":{"self":[{"href":"https:\/\/cforense.org\/home\/wp-json\/wp\/v2\/pages\/76","targetHints":{"allow":["GET"]}}],"collection":[{"href":"https:\/\/cforense.org\/home\/wp-json\/wp\/v2\/pages"}],"about":[{"href":"https:\/\/cforense.org\/home\/wp-json\/wp\/v2\/types\/page"}],"author":[{"embeddable":true,"href":"https:\/\/cforense.org\/home\/wp-json\/wp\/v2\/users\/2"}],"replies":[{"embeddable":true,"href":"https:\/\/cforense.org\/home\/wp-json\/wp\/v2\/comments?post=76"}],"version-history":[{"count":0,"href":"https:\/\/cforense.org\/home\/wp-json\/wp\/v2\/pages\/76\/revisions"}],"wp:attachment":[{"href":"https:\/\/cforense.org\/home\/wp-json\/wp\/v2\/media?parent=76"}],"curies":[{"name":"wp","href":"https:\/\/api.w.org\/{rel}","templated":true}]}}