{"id":42,"date":"2022-06-08T20:09:47","date_gmt":"2022-06-08T20:09:47","guid":{"rendered":"http:\/\/cforenseprueba.org\/home\/?page_id=42"},"modified":"2023-08-07T12:28:01","modified_gmt":"2023-08-07T15:28:01","slug":"marco-normativo","status":"publish","type":"page","link":"https:\/\/cforense.org\/home\/marco-normativo\/","title":{"rendered":"Marco Normativo"},"content":{"rendered":"\t\t<div data-elementor-type=\"wp-page\" data-elementor-id=\"42\" class=\"elementor elementor-42\" data-elementor-post-type=\"page\">\n\t\t\t\t<div class=\"elementor-element elementor-element-3bc67c5 e-flex e-con-boxed e-con e-parent\" data-id=\"3bc67c5\" data-element_type=\"container\" data-e-type=\"container\" data-settings=\"{&quot;jet_parallax_layout_list&quot;:[]}\">\n\t\t\t\t\t<div class=\"e-con-inner\">\n\t\t<div class=\"elementor-element elementor-element-7d41579 e-con-full e-flex e-con e-parent\" data-id=\"7d41579\" data-element_type=\"container\" data-e-type=\"container\" data-settings=\"{&quot;jet_parallax_layout_list&quot;:[]}\">\n\t\t<div class=\"elementor-element elementor-element-fff07d7 e-flex e-con-boxed e-con e-parent\" data-id=\"fff07d7\" data-element_type=\"container\" data-e-type=\"container\" data-settings=\"{&quot;jet_parallax_layout_list&quot;:[]}\">\n\t\t\t\t\t<div class=\"e-con-inner\">\n\t\t\t\t<div class=\"elementor-element elementor-element-38046d7 elementor-widget__width-auto elementor-widget elementor-widget-heading\" data-id=\"38046d7\" data-element_type=\"widget\" data-e-type=\"widget\" data-widget_type=\"heading.default\">\n\t\t\t\t<div class=\"elementor-widget-container\">\n\t\t\t\t\t<h2 class=\"elementor-heading-title elementor-size-default\">Marco Normativo<\/h2>\t\t\t\t<\/div>\n\t\t\t\t<\/div>\n\t\t\t\t\t<\/div>\n\t\t\t\t<\/div>\n\t\t<div class=\"elementor-element elementor-element-1194b1a e-flex e-con-boxed e-con e-parent\" data-id=\"1194b1a\" data-element_type=\"container\" data-e-type=\"container\" data-settings=\"{&quot;jet_parallax_layout_list&quot;:[]}\">\n\t\t\t\t\t<div class=\"e-con-inner\">\n\t\t\t\t<div class=\"elementor-element elementor-element-d91a9fe elementor-widget elementor-widget-image\" data-id=\"d91a9fe\" data-element_type=\"widget\" data-e-type=\"widget\" data-widget_type=\"image.default\">\n\t\t\t\t<div class=\"elementor-widget-container\">\n\t\t\t\t\t\t\t\t\t\t\t\t\t\t\t<img fetchpriority=\"high\" decoding=\"async\" width=\"800\" height=\"534\" src=\"https:\/\/cforense.org\/home\/wp-content\/uploads\/2023\/07\/NORMATIVO-1024x683.jpg\" class=\"attachment-large size-large wp-image-2599\" alt=\"\" srcset=\"https:\/\/cforense.org\/home\/wp-content\/uploads\/2023\/07\/NORMATIVO-1024x683.jpg 1024w, https:\/\/cforense.org\/home\/wp-content\/uploads\/2023\/07\/NORMATIVO-300x200.jpg 300w, https:\/\/cforense.org\/home\/wp-content\/uploads\/2023\/07\/NORMATIVO-768x512.jpg 768w, https:\/\/cforense.org\/home\/wp-content\/uploads\/2023\/07\/NORMATIVO.jpg 1500w\" sizes=\"(max-width: 800px) 100vw, 800px\" \/>\t\t\t\t\t\t\t\t\t\t\t\t\t\t\t<\/div>\n\t\t\t\t<\/div>\n\t\t\t\t\t<\/div>\n\t\t\t\t<\/div>\n\t\t<div class=\"elementor-element elementor-element-6bf7c34 e-flex e-con-boxed e-con e-parent\" data-id=\"6bf7c34\" data-element_type=\"container\" data-e-type=\"container\" data-settings=\"{&quot;jet_parallax_layout_list&quot;:[]}\">\n\t\t\t\t\t<div class=\"e-con-inner\">\n\t\t\t\t<div class=\"elementor-element elementor-element-572691c elementor-widget elementor-widget-text-editor\" data-id=\"572691c\" data-element_type=\"widget\" data-e-type=\"widget\" data-widget_type=\"text-editor.default\">\n\t\t\t\t<div class=\"elementor-widget-container\">\n\t\t\t\t\t\t\t\t\t<p><\/p>\n<p>La Caja Forense constituye lo que la doctrina nacional denomina como entidad intermedia o entidad de derecho p\u00fablico no estatal y es una creaci\u00f3n del Estado Provincial, cuya competencia fue reafirmada en el art\u00edculo 125 de la Constituci\u00f3n Nacional (1994), por el cual las provincias tienen la facultad de \u201c\u2026conservar organismos de seguridad social para los empleados p\u00fablicos y los profesionales \u2026\u201d. La ley 1861, sancionada en 1999, es el sustento normativo de nuestro sistema de seguridad social.\u00a0<\/p>\n<p><strong>Financiamiento\u00a0<\/strong><\/p>\n<p>Las fuentes primarias de financiamiento de la Caja Forense las constituyen los aportes que realizan los Afiliados a partir de los ingresos que generan por los juicios que promueven, y la contribuci\u00f3n de los terceros que se vinculan a ella a trav\u00e9s del ejercicio de su profesi\u00f3n.<\/p>\n<p>En esta materia, las modificaciones introducidas en el texto de la nueva Ley Org\u00e1nica, exigen la perfecta identificaci\u00f3n de las fuentes de financiamiento para cada uno de los beneficios que otorga Caja Forense: el Fondo para Prestaciones Previsionales B\u00e1sicas y Fondo Solidario para Otras Coberturas.<\/p>\n<p><\/p>\t\t\t\t\t\t\t\t<\/div>\n\t\t\t\t<\/div>\n\t\t\t\t\t<\/div>\n\t\t\t\t<\/div>\n\t\t\t\t<\/div>\n\t\t<div class=\"elementor-element elementor-element-e4343fb e-con-full e-flex e-con e-parent\" data-id=\"e4343fb\" data-element_type=\"container\" data-e-type=\"container\" data-settings=\"{&quot;jet_parallax_layout_list&quot;:[]}\">\n\t\t<div class=\"elementor-element elementor-element-489825f e-flex e-con-boxed e-con e-parent\" data-id=\"489825f\" data-element_type=\"container\" data-e-type=\"container\" data-settings=\"{&quot;jet_parallax_layout_list&quot;:[]}\">\n\t\t\t\t\t<div class=\"e-con-inner\">\n\t\t<div class=\"elementor-element elementor-element-1724297 e-flex e-con-boxed e-con e-parent\" data-id=\"1724297\" data-element_type=\"container\" data-e-type=\"container\" data-settings=\"{&quot;jet_parallax_layout_list&quot;:[]}\">\n\t\t\t\t\t<div class=\"e-con-inner\">\n\t\t\t\t<div class=\"elementor-element elementor-element-bae247c elementor-widget__width-auto elementor-widget elementor-widget-heading\" data-id=\"bae247c\" data-element_type=\"widget\" data-e-type=\"widget\" data-widget_type=\"heading.default\">\n\t\t\t\t<div class=\"elementor-widget-container\">\n\t\t\t\t\t<h2 class=\"elementor-heading-title elementor-size-default\">Novedades<\/h2>\t\t\t\t<\/div>\n\t\t\t\t<\/div>\n\t\t\t\t\t<\/div>\n\t\t\t\t<\/div>\n\t\t\t\t<div class=\"elementor-element elementor-element-757c120 elementor-grid-1 elementor-grid-tablet-1 elementor-grid-mobile-1 elementor-posts--thumbnail-top elementor-widget elementor-widget-posts\" data-id=\"757c120\" data-element_type=\"widget\" data-e-type=\"widget\" data-settings=\"{&quot;classic_columns&quot;:&quot;1&quot;,&quot;classic_columns_tablet&quot;:&quot;1&quot;,&quot;classic_columns_mobile&quot;:&quot;1&quot;,&quot;classic_row_gap&quot;:{&quot;unit&quot;:&quot;px&quot;,&quot;size&quot;:35,&quot;sizes&quot;:[]},&quot;classic_row_gap_laptop&quot;:{&quot;unit&quot;:&quot;px&quot;,&quot;size&quot;:&quot;&quot;,&quot;sizes&quot;:[]},&quot;classic_row_gap_tablet&quot;:{&quot;unit&quot;:&quot;px&quot;,&quot;size&quot;:&quot;&quot;,&quot;sizes&quot;:[]},&quot;classic_row_gap_mobile&quot;:{&quot;unit&quot;:&quot;px&quot;,&quot;size&quot;:&quot;&quot;,&quot;sizes&quot;:[]}}\" data-widget_type=\"posts.classic\">\n\t\t\t\t<div class=\"elementor-widget-container\">\n\t\t\t\t\t\t\t<div class=\"elementor-posts-container elementor-posts elementor-posts--skin-classic elementor-grid\" role=\"list\">\n\t\t\t\t<article class=\"elementor-post elementor-grid-item post-4287 post type-post status-publish format-standard has-post-thumbnail hentry category-institucional\" role=\"listitem\">\n\t\t\t\t<a class=\"elementor-post__thumbnail__link\" href=\"https:\/\/cforense.org\/home\/la-caja-forense-de-la-pampa-ahora-en-tu-celular\/\" tabindex=\"-1\" >\n\t\t\t<div class=\"elementor-post__thumbnail\"><img decoding=\"async\" width=\"1072\" height=\"556\" data-src=\"https:\/\/cforense.org\/home\/wp-content\/uploads\/2026\/03\/CF_LP_20260326_APP-WEB.png\" class=\"attachment-full size-full wp-image-4288 lazyload\" alt=\"\" data-srcset=\"https:\/\/cforense.org\/home\/wp-content\/uploads\/2026\/03\/CF_LP_20260326_APP-WEB.png 1072w, https:\/\/cforense.org\/home\/wp-content\/uploads\/2026\/03\/CF_LP_20260326_APP-WEB-300x156.png 300w, https:\/\/cforense.org\/home\/wp-content\/uploads\/2026\/03\/CF_LP_20260326_APP-WEB-1024x531.png 1024w, https:\/\/cforense.org\/home\/wp-content\/uploads\/2026\/03\/CF_LP_20260326_APP-WEB-768x398.png 768w\" data-sizes=\"(max-width: 1072px) 100vw, 1072px\" src=\"data:image\/svg+xml;base64,PHN2ZyB3aWR0aD0iMSIgaGVpZ2h0PSIxIiB4bWxucz0iaHR0cDovL3d3dy53My5vcmcvMjAwMC9zdmciPjwvc3ZnPg==\" style=\"--smush-placeholder-width: 1072px; --smush-placeholder-aspect-ratio: 1072\/556;\" \/><\/div>\n\t\t<\/a>\n\t\t\t\t<div class=\"elementor-post__text\">\n\t\t\t\t<h3 class=\"elementor-post__title\">\n\t\t\t<a href=\"https:\/\/cforense.org\/home\/la-caja-forense-de-la-pampa-ahora-en-tu-celular\/\" >\n\t\t\t\tLa Caja Forense de La Pampa ahora en tu celular\t\t\t<\/a>\n\t\t<\/h3>\n\t\t\t\t<div class=\"elementor-post__meta-data\">\n\t\t\t\t\t<span class=\"elementor-post-date\">\n\t\t\t30\/03\/2026\t\t<\/span>\n\t\t\t\t<\/div>\n\t\t\t\t<div class=\"elementor-post__excerpt\">\n\t\t\t<p>En nuestro compromiso constante por modernizarnos y estar m\u00e1s cerca de nuestros afiliados, nos enorgullece anunciar el lanzamiento de la App Oficial de la Caja<\/p>\n\t\t<\/div>\n\t\t\n\t\t<a class=\"elementor-post__read-more\" href=\"https:\/\/cforense.org\/home\/la-caja-forense-de-la-pampa-ahora-en-tu-celular\/\" aria-label=\"Read more about La Caja Forense de La Pampa ahora en tu celular\" tabindex=\"-1\" >\n\t\t\tLeer m\u00e1s \u00bb\t\t<\/a>\n\n\t\t\t\t<\/div>\n\t\t\t\t<\/article>\n\t\t\t\t<article class=\"elementor-post elementor-grid-item post-4283 post type-post status-publish format-standard has-post-thumbnail hentry category-novedades\" role=\"listitem\">\n\t\t\t\t<a class=\"elementor-post__thumbnail__link\" href=\"https:\/\/cforense.org\/home\/nueva-oferta-academica-gestion-de-cajas-de-prevision-y-seguridad-social\/\" tabindex=\"-1\" >\n\t\t\t<div class=\"elementor-post__thumbnail\"><img decoding=\"async\" width=\"1080\" height=\"700\" data-src=\"https:\/\/cforense.org\/home\/wp-content\/uploads\/2026\/03\/CORD_20260326_DIPLOMATURA-WEB-1.png\" class=\"attachment-full size-full wp-image-4284 lazyload\" alt=\"\" data-srcset=\"https:\/\/cforense.org\/home\/wp-content\/uploads\/2026\/03\/CORD_20260326_DIPLOMATURA-WEB-1.png 1080w, https:\/\/cforense.org\/home\/wp-content\/uploads\/2026\/03\/CORD_20260326_DIPLOMATURA-WEB-1-300x194.png 300w, https:\/\/cforense.org\/home\/wp-content\/uploads\/2026\/03\/CORD_20260326_DIPLOMATURA-WEB-1-1024x664.png 1024w, https:\/\/cforense.org\/home\/wp-content\/uploads\/2026\/03\/CORD_20260326_DIPLOMATURA-WEB-1-768x498.png 768w\" data-sizes=\"(max-width: 1080px) 100vw, 1080px\" src=\"data:image\/svg+xml;base64,PHN2ZyB3aWR0aD0iMSIgaGVpZ2h0PSIxIiB4bWxucz0iaHR0cDovL3d3dy53My5vcmcvMjAwMC9zdmciPjwvc3ZnPg==\" style=\"--smush-placeholder-width: 1080px; --smush-placeholder-aspect-ratio: 1080\/700;\" \/><\/div>\n\t\t<\/a>\n\t\t\t\t<div class=\"elementor-post__text\">\n\t\t\t\t<h3 class=\"elementor-post__title\">\n\t\t\t<a href=\"https:\/\/cforense.org\/home\/nueva-oferta-academica-gestion-de-cajas-de-prevision-y-seguridad-social\/\" >\n\t\t\t\tNueva Oferta Acad\u00e9mica: Gesti\u00f3n de Cajas de Previsi\u00f3n y Seguridad Social\t\t\t<\/a>\n\t\t<\/h3>\n\t\t\t\t<div class=\"elementor-post__meta-data\">\n\t\t\t\t\t<span class=\"elementor-post-date\">\n\t\t\t30\/03\/2026\t\t<\/span>\n\t\t\t\t<\/div>\n\t\t\t\t<div class=\"elementor-post__excerpt\">\n\t\t\t<p>Desde la Caja Forense de La Pampa les compartimos a nuestros afiliados que, como parte de la oferta acad\u00e9mica brindada por la Facultad de Ciencias<\/p>\n\t\t<\/div>\n\t\t\n\t\t<a class=\"elementor-post__read-more\" href=\"https:\/\/cforense.org\/home\/nueva-oferta-academica-gestion-de-cajas-de-prevision-y-seguridad-social\/\" aria-label=\"Read more about Nueva Oferta Acad\u00e9mica: Gesti\u00f3n de Cajas de Previsi\u00f3n y Seguridad Social\" tabindex=\"-1\" >\n\t\t\tLeer m\u00e1s \u00bb\t\t<\/a>\n\n\t\t\t\t<\/div>\n\t\t\t\t<\/article>\n\t\t\t\t<\/div>\n\t\t\n\t\t\t\t\t\t<\/div>\n\t\t\t\t<\/div>\n\t\t\t\t\t<\/div>\n\t\t\t\t<\/div>\n\t\t\t\t<\/div>\n\t\t\t\t\t<\/div>\n\t\t\t\t<\/div>\n\t\t\t\t<\/div>\n\t\t","protected":false},"excerpt":{"rendered":"<p>La Caja Forense constituye lo que la doctrina nacional denomina como entidad intermedia o entidad de derecho p\u00fablico no estatal y es una creaci\u00f3n del Estado Provincial, cuya competencia fue reafirmada en el art\u00edculo 125 de la Constituci\u00f3n Nacional (1994), por el cual las provincias tienen la facultad de \u201c\u2026conservar organismos de seguridad social para [&hellip;]<\/p>\n","protected":false},"author":2,"featured_media":0,"parent":0,"menu_order":0,"comment_status":"closed","ping_status":"closed","template":"","meta":{"_joinchat":[],"footnotes":""},"class_list":["post-42","page","type-page","status-publish","hentry"],"_links":{"self":[{"href":"https:\/\/cforense.org\/home\/wp-json\/wp\/v2\/pages\/42","targetHints":{"allow":["GET"]}}],"collection":[{"href":"https:\/\/cforense.org\/home\/wp-json\/wp\/v2\/pages"}],"about":[{"href":"https:\/\/cforense.org\/home\/wp-json\/wp\/v2\/types\/page"}],"author":[{"embeddable":true,"href":"https:\/\/cforense.org\/home\/wp-json\/wp\/v2\/users\/2"}],"replies":[{"embeddable":true,"href":"https:\/\/cforense.org\/home\/wp-json\/wp\/v2\/comments?post=42"}],"version-history":[{"count":0,"href":"https:\/\/cforense.org\/home\/wp-json\/wp\/v2\/pages\/42\/revisions"}],"wp:attachment":[{"href":"https:\/\/cforense.org\/home\/wp-json\/wp\/v2\/media?parent=42"}],"curies":[{"name":"wp","href":"https:\/\/api.w.org\/{rel}","templated":true}]}}