{"id":2668,"date":"2023-07-26T03:04:11","date_gmt":"2023-07-26T06:04:11","guid":{"rendered":"https:\/\/cforense.org\/home\/?page_id=2668"},"modified":"2026-03-09T12:10:07","modified_gmt":"2026-03-09T15:10:07","slug":"solicitud-de-subsidios","status":"publish","type":"page","link":"https:\/\/cforense.org\/home\/solicitud-de-subsidios\/","title":{"rendered":"Solicitud de subsidios"},"content":{"rendered":"\t\t<div data-elementor-type=\"wp-page\" data-elementor-id=\"2668\" class=\"elementor elementor-2668\" data-elementor-post-type=\"page\">\n\t\t\t\t<div class=\"elementor-element elementor-element-628d0d5 e-flex e-con-boxed e-con e-parent\" data-id=\"628d0d5\" data-element_type=\"container\" data-e-type=\"container\" data-settings=\"{&quot;jet_parallax_layout_list&quot;:[]}\">\n\t\t\t\t\t<div class=\"e-con-inner\">\n\t\t<div class=\"elementor-element elementor-element-a5276ef e-con-full e-flex e-con e-child\" data-id=\"a5276ef\" data-element_type=\"container\" data-e-type=\"container\" data-settings=\"{&quot;jet_parallax_layout_list&quot;:[]}\">\n\t\t<div class=\"elementor-element elementor-element-950260a e-flex e-con-boxed e-con e-child\" data-id=\"950260a\" data-element_type=\"container\" data-e-type=\"container\" data-settings=\"{&quot;jet_parallax_layout_list&quot;:[]}\">\n\t\t\t\t\t<div class=\"e-con-inner\">\n\t\t\t\t<div class=\"elementor-element elementor-element-76cac88 elementor-widget__width-auto elementor-widget elementor-widget-heading\" data-id=\"76cac88\" data-element_type=\"widget\" data-e-type=\"widget\" data-widget_type=\"heading.default\">\n\t\t\t\t<div class=\"elementor-widget-container\">\n\t\t\t\t\t<h2 class=\"elementor-heading-title elementor-size-default\">Solicitud de subsidios<\/h2>\t\t\t\t<\/div>\n\t\t\t\t<\/div>\n\t\t\t\t\t<\/div>\n\t\t\t\t<\/div>\n\t\t<div class=\"elementor-element elementor-element-9b64b4e e-flex e-con-boxed e-con e-child\" data-id=\"9b64b4e\" data-element_type=\"container\" data-e-type=\"container\" data-settings=\"{&quot;jet_parallax_layout_list&quot;:[]}\">\n\t\t\t\t\t<div class=\"e-con-inner\">\n\t\t\t\t<div class=\"elementor-element elementor-element-b9526bf elementor-button-align-stretch elementor-widget elementor-widget-form\" data-id=\"b9526bf\" data-element_type=\"widget\" data-e-type=\"widget\" data-settings=\"{&quot;step_next_label&quot;:&quot;SIGUIENTE&quot;,&quot;step_previous_label&quot;:&quot;PREVIO&quot;,&quot;button_width&quot;:&quot;100&quot;,&quot;step_type&quot;:&quot;number_text&quot;,&quot;step_icon_shape&quot;:&quot;circle&quot;}\" data-widget_type=\"form.default\">\n\t\t\t\t<div class=\"elementor-widget-container\">\n\t\t\t\t\t\t\t<form class=\"elementor-form\" method=\"post\" name=\"SOLICITUD DE SUBSIDIOS\" aria-label=\"SOLICITUD DE SUBSIDIOS\">\n\t\t\t<input type=\"hidden\" name=\"post_id\" value=\"2668\"\/>\n\t\t\t<input type=\"hidden\" name=\"form_id\" value=\"b9526bf\"\/>\n\t\t\t<input type=\"hidden\" name=\"referer_title\" value=\"Solicitud de subsidios\" \/>\n\n\t\t\t\t\t\t\t<input type=\"hidden\" name=\"queried_id\" value=\"2668\"\/>\n\t\t\t\n\t\t\t<div class=\"elementor-form-fields-wrapper elementor-labels-above\">\n\t\t\t\t\t\t\t\t<div class=\"elementor-field-type-text elementor-field-group elementor-column elementor-field-group-surname elementor-col-50 elementor-field-required elementor-mark-required\">\n\t\t\t\t\t\t\t\t\t\t\t\t<label for=\"form-field-surname\" class=\"elementor-field-label\">\n\t\t\t\t\t\t\t\tApellido\t\t\t\t\t\t\t<\/label>\n\t\t\t\t\t\t\t\t\t\t\t\t\t\t<input size=\"1\" type=\"text\" name=\"form_fields[surname]\" id=\"form-field-surname\" class=\"elementor-field elementor-size-sm  elementor-field-textual\" placeholder=\"Apellido\" required=\"required\">\n\t\t\t\t\t\t\t\t\t\t\t<\/div>\n\t\t\t\t\t\t\t\t<div class=\"elementor-field-type-text elementor-field-group elementor-column elementor-field-group-name elementor-col-50 elementor-field-required elementor-mark-required\">\n\t\t\t\t\t\t\t\t\t\t\t\t<label for=\"form-field-name\" class=\"elementor-field-label\">\n\t\t\t\t\t\t\t\tNombre\t\t\t\t\t\t\t<\/label>\n\t\t\t\t\t\t\t\t\t\t\t\t\t\t<input size=\"1\" type=\"text\" name=\"form_fields[name]\" id=\"form-field-name\" class=\"elementor-field elementor-size-sm  elementor-field-textual\" placeholder=\"Nombre\" required=\"required\">\n\t\t\t\t\t\t\t\t\t\t\t<\/div>\n\t\t\t\t\t\t\t\t<div class=\"elementor-field-type-email elementor-field-group elementor-column elementor-field-group-email elementor-col-100 elementor-field-required elementor-mark-required\">\n\t\t\t\t\t\t\t\t\t\t\t\t<label for=\"form-field-email\" class=\"elementor-field-label\">\n\t\t\t\t\t\t\t\tEmail de Contacto\t\t\t\t\t\t\t<\/label>\n\t\t\t\t\t\t\t\t\t\t\t\t\t\t<input size=\"1\" type=\"email\" name=\"form_fields[email]\" id=\"form-field-email\" class=\"elementor-field elementor-size-sm  elementor-field-textual\" placeholder=\"Email de Contacto\" required=\"required\">\n\t\t\t\t\t\t\t\t\t\t\t<\/div>\n\t\t\t\t\t\t\t\t<div class=\"elementor-field-type-radio elementor-field-group elementor-column elementor-field-group-subsidio elementor-col-100 elementor-field-required elementor-mark-required\">\n\t\t\t\t\t\t\t\t\t\t\t\t<label for=\"form-field-subsidio\" class=\"elementor-field-label\">\n\t\t\t\t\t\t\t\tSubsidio que se va a solicitar\t\t\t\t\t\t\t<\/label>\n\t\t\t\t\t\t<div class=\"elementor-field-subgroup  \"><span class=\"elementor-field-option\"><input type=\"radio\" value=\"Matrimonio\" id=\"form-field-subsidio-0\" name=\"form_fields[subsidio]\" required=\"required\"> <label for=\"form-field-subsidio-0\">Matrimonio<\/label><\/span><span class=\"elementor-field-option\"><input type=\"radio\" value=\"Nacimiento\/ Adopci\u00f3n - Maternidad \/ Paternidad\" id=\"form-field-subsidio-1\" name=\"form_fields[subsidio]\" required=\"required\"> <label for=\"form-field-subsidio-1\">Nacimiento\/ Adopci\u00f3n - Maternidad \/ Paternidad<\/label><\/span><span class=\"elementor-field-option\"><input type=\"radio\" value=\"Fallecimiento\" id=\"form-field-subsidio-2\" name=\"form_fields[subsidio]\" required=\"required\"> <label for=\"form-field-subsidio-2\">Fallecimiento<\/label><\/span><span class=\"elementor-field-option\"><input type=\"radio\" value=\"Escolaridad (reintegrable a fin de a\u00f1o con aportes y\/o excedentes)\" id=\"form-field-subsidio-3\" name=\"form_fields[subsidio]\" required=\"required\"> <label for=\"form-field-subsidio-3\">Escolaridad (reintegrable a fin de a\u00f1o con aportes y\/o excedentes)<\/label><\/span><\/div>\t\t\t\t<\/div>\n\t\t\t\t\t\t\t\t<div class=\"elementor-field-type-radio elementor-field-group elementor-column elementor-field-group-modo elementor-col-100 elementor-field-required elementor-mark-required\">\n\t\t\t\t\t\t\t\t\t\t\t\t<label for=\"form-field-modo\" class=\"elementor-field-label\">\n\t\t\t\t\t\t\t\tModo en que se desea cobrar el Subsidio\t\t\t\t\t\t\t<\/label>\n\t\t\t\t\t\t<div class=\"elementor-field-subgroup  \"><span class=\"elementor-field-option\"><input type=\"radio\" value=\"Cheque\" id=\"form-field-modo-0\" name=\"form_fields[modo]\" required=\"required\"> <label for=\"form-field-modo-0\">Cheque<\/label><\/span><span class=\"elementor-field-option\"><input type=\"radio\" value=\"Transferencia\" id=\"form-field-modo-1\" name=\"form_fields[modo]\" required=\"required\"> <label for=\"form-field-modo-1\">Transferencia<\/label><\/span><\/div>\t\t\t\t<\/div>\n\t\t\t\t\t\t\t\t<div class=\"elementor-field-type-text elementor-field-group elementor-column elementor-field-group-asunto elementor-col-100 elementor-field-required elementor-mark-required\">\n\t\t\t\t\t\t\t\t\t\t\t\t<label for=\"form-field-asunto\" class=\"elementor-field-label\">\n\t\t\t\t\t\t\t\tAsunto\t\t\t\t\t\t\t<\/label>\n\t\t\t\t\t\t\t\t\t\t\t\t\t\t<input size=\"1\" type=\"text\" name=\"form_fields[asunto]\" id=\"form-field-asunto\" class=\"elementor-field elementor-size-sm  elementor-field-textual\" placeholder=\"Asunto\" required=\"required\">\n\t\t\t\t\t\t\t\t\t\t\t<\/div>\n\t\t\t\t\t\t\t\t<div class=\"elementor-field-type-textarea elementor-field-group elementor-column elementor-field-group-message elementor-col-100\">\n\t\t\t\t\t\t\t\t\t\t\t\t<label for=\"form-field-message\" class=\"elementor-field-label\">\n\t\t\t\t\t\t\t\tObservaciones (opcional)\t\t\t\t\t\t\t<\/label>\n\t\t\t\t\t\t<textarea class=\"elementor-field-textual elementor-field  elementor-size-sm\" name=\"form_fields[message]\" id=\"form-field-message\" rows=\"4\" placeholder=\"Observaciones (opcional)\"><\/textarea>\t\t\t\t<\/div>\n\t\t\t\t\t\t\t\t<div class=\"elementor-field-type-upload elementor-field-group elementor-column elementor-field-group-partidas elementor-col-100 elementor-field-required elementor-mark-required\">\n\t\t\t\t\t\t\t\t\t\t\t\t<label for=\"form-field-partidas\" class=\"elementor-field-label\">\n\t\t\t\t\t\t\t\tAdjuntar la correspondiente documentaci\u00f3n. (Partidas o constancia de alumno\/a regular - Obligatorio)\t\t\t\t\t\t\t<\/label>\n\t\t\t\t\t\t\t\t<input type=\"file\" name=\"form_fields[partidas][]\" id=\"form-field-partidas\" class=\"elementor-field elementor-size-sm  elementor-upload-field\" required=\"required\" multiple=\"multiple\" data-maxsize=\"3\" data-maxsize-message=\"This file exceeds the maximum allowed size.\">\n\n\t\t\t\t\t\t<\/div>\n\t\t\t\t\t\t\t\t<div class=\"elementor-field-type-upload elementor-field-group elementor-column elementor-field-group-cbu elementor-col-100\">\n\t\t\t\t\t\t\t\t\t\t\t\t<label for=\"form-field-cbu\" class=\"elementor-field-label\">\n\t\t\t\t\t\t\t\tAdjuntar Constancia de CBU - (Opcional)\t\t\t\t\t\t\t<\/label>\n\t\t\t\t\t\t\t\t<input type=\"file\" name=\"form_fields[cbu]\" id=\"form-field-cbu\" class=\"elementor-field elementor-size-sm  elementor-upload-field\" data-maxsize=\"3\" data-maxsize-message=\"This file exceeds the maximum allowed size.\">\n\n\t\t\t\t\t\t<\/div>\n\t\t\t\t\t\t\t\t<div class=\"elementor-field-type-acceptance elementor-field-group elementor-column elementor-field-group-field_8aad6e4 elementor-col-100 elementor-field-required elementor-mark-required\">\n\t\t\t\t\t\t\t\t\t\t\t\t<label for=\"form-field-field_8aad6e4\" class=\"elementor-field-label\">\n\t\t\t\t\t\t\t\tAcepto los t\u00e9rminos y condiciones establecidos en la Ley 1861\t\t\t\t\t\t\t<\/label>\n\t\t\t\t\t\t\t\t<div class=\"elementor-field-subgroup\">\n\t\t\t<span class=\"elementor-field-option\">\n\t\t\t\t<input type=\"checkbox\" name=\"form_fields[field_8aad6e4]\" id=\"form-field-field_8aad6e4\" class=\"elementor-field elementor-size-sm  elementor-acceptance-field\" required=\"required\">\n\t\t\t\t<label for=\"form-field-field_8aad6e4\">Aceptar<\/label>\t\t\t<\/span>\n\t\t<\/div>\n\t\t\t\t\t\t<\/div>\n\t\t\t\t\t\t\t\t<div class=\"elementor-field-type-text\">\n\t\t\t\t\t<input size=\"1\" type=\"text\" name=\"form_fields[field_cab5dd0]\" id=\"form-field-field_cab5dd0\" class=\"elementor-field elementor-size-sm \" style=\"display:none !important;\">\t\t\t\t<\/div>\n\t\t\t\t\t\t\t\t<div class=\"elementor-field-group elementor-column elementor-field-type-submit elementor-col-100 e-form__buttons\">\n\t\t\t\t\t<button class=\"elementor-button elementor-size-sm\" type=\"submit\">\n\t\t\t\t\t\t<span class=\"elementor-button-content-wrapper\">\n\t\t\t\t\t\t\t\t\t\t\t\t\t\t\t\t\t\t\t\t\t\t<span class=\"elementor-button-text\">ENVIAR SOLICITUD<\/span>\n\t\t\t\t\t\t\t\t\t\t\t\t\t<\/span>\n\t\t\t\t\t<\/button>\n\t\t\t\t<\/div>\n\t\t\t<\/div>\n\t\t<\/form>\n\t\t\t\t\t\t<\/div>\n\t\t\t\t<\/div>\n\t\t\t\t\t<\/div>\n\t\t\t\t<\/div>\n\t\t\t\t<\/div>\n\t\t<div class=\"elementor-element elementor-element-8f2bcd3 e-con-full e-flex e-con e-child\" data-id=\"8f2bcd3\" data-element_type=\"container\" data-e-type=\"container\" data-settings=\"{&quot;jet_parallax_layout_list&quot;:[]}\">\n\t\t<div class=\"elementor-element elementor-element-1d0a3a3 e-flex e-con-boxed e-con e-child\" data-id=\"1d0a3a3\" data-element_type=\"container\" data-e-type=\"container\" data-settings=\"{&quot;jet_parallax_layout_list&quot;:[],&quot;sticky&quot;:&quot;top&quot;,&quot;sticky_on&quot;:[&quot;desktop&quot;,&quot;laptop&quot;,&quot;tablet&quot;],&quot;sticky_parent&quot;:&quot;yes&quot;,&quot;sticky_offset&quot;:0,&quot;sticky_effects_offset&quot;:0,&quot;sticky_anchor_link_offset&quot;:0}\">\n\t\t\t\t\t<div class=\"e-con-inner\">\n\t\t<div class=\"elementor-element elementor-element-2a4b3b7 e-flex e-con-boxed e-con e-child\" data-id=\"2a4b3b7\" data-element_type=\"container\" data-e-type=\"container\" data-settings=\"{&quot;jet_parallax_layout_list&quot;:[]}\">\n\t\t\t\t\t<div class=\"e-con-inner\">\n\t\t\t\t<div class=\"elementor-element elementor-element-9460334 elementor-widget__width-auto elementor-widget elementor-widget-heading\" data-id=\"9460334\" data-element_type=\"widget\" data-e-type=\"widget\" data-widget_type=\"heading.default\">\n\t\t\t\t<div class=\"elementor-widget-container\">\n\t\t\t\t\t<h2 class=\"elementor-heading-title elementor-size-default\">Novedades<\/h2>\t\t\t\t<\/div>\n\t\t\t\t<\/div>\n\t\t\t\t\t<\/div>\n\t\t\t\t<\/div>\n\t\t\t\t<div class=\"elementor-element elementor-element-de0ccaa elementor-grid-1 elementor-grid-tablet-1 elementor-grid-mobile-1 elementor-posts--thumbnail-top elementor-widget elementor-widget-posts\" data-id=\"de0ccaa\" data-element_type=\"widget\" data-e-type=\"widget\" data-settings=\"{&quot;classic_columns&quot;:&quot;1&quot;,&quot;classic_columns_tablet&quot;:&quot;1&quot;,&quot;classic_columns_mobile&quot;:&quot;1&quot;,&quot;classic_row_gap&quot;:{&quot;unit&quot;:&quot;px&quot;,&quot;size&quot;:35,&quot;sizes&quot;:[]},&quot;classic_row_gap_laptop&quot;:{&quot;unit&quot;:&quot;px&quot;,&quot;size&quot;:&quot;&quot;,&quot;sizes&quot;:[]},&quot;classic_row_gap_tablet&quot;:{&quot;unit&quot;:&quot;px&quot;,&quot;size&quot;:&quot;&quot;,&quot;sizes&quot;:[]},&quot;classic_row_gap_mobile&quot;:{&quot;unit&quot;:&quot;px&quot;,&quot;size&quot;:&quot;&quot;,&quot;sizes&quot;:[]}}\" data-widget_type=\"posts.classic\">\n\t\t\t\t<div class=\"elementor-widget-container\">\n\t\t\t\t\t\t\t<div class=\"elementor-posts-container elementor-posts elementor-posts--skin-classic elementor-grid\" role=\"list\">\n\t\t\t\t<article class=\"elementor-post elementor-grid-item post-4287 post type-post status-publish format-standard has-post-thumbnail hentry category-institucional\" role=\"listitem\">\n\t\t\t\t<a class=\"elementor-post__thumbnail__link\" href=\"https:\/\/cforense.org\/home\/la-caja-forense-de-la-pampa-ahora-en-tu-celular\/\" tabindex=\"-1\" >\n\t\t\t<div class=\"elementor-post__thumbnail\"><img fetchpriority=\"high\" decoding=\"async\" width=\"1072\" height=\"556\" src=\"https:\/\/cforense.org\/home\/wp-content\/uploads\/2026\/03\/CF_LP_20260326_APP-WEB.png\" class=\"attachment-full size-full wp-image-4288\" alt=\"\" srcset=\"https:\/\/cforense.org\/home\/wp-content\/uploads\/2026\/03\/CF_LP_20260326_APP-WEB.png 1072w, https:\/\/cforense.org\/home\/wp-content\/uploads\/2026\/03\/CF_LP_20260326_APP-WEB-300x156.png 300w, https:\/\/cforense.org\/home\/wp-content\/uploads\/2026\/03\/CF_LP_20260326_APP-WEB-1024x531.png 1024w, https:\/\/cforense.org\/home\/wp-content\/uploads\/2026\/03\/CF_LP_20260326_APP-WEB-768x398.png 768w\" sizes=\"(max-width: 1072px) 100vw, 1072px\" \/><\/div>\n\t\t<\/a>\n\t\t\t\t<div class=\"elementor-post__text\">\n\t\t\t\t<h3 class=\"elementor-post__title\">\n\t\t\t<a href=\"https:\/\/cforense.org\/home\/la-caja-forense-de-la-pampa-ahora-en-tu-celular\/\" >\n\t\t\t\tLa Caja Forense de La Pampa ahora en tu celular\t\t\t<\/a>\n\t\t<\/h3>\n\t\t\t\t<div class=\"elementor-post__meta-data\">\n\t\t\t\t\t<span class=\"elementor-post-date\">\n\t\t\t30\/03\/2026\t\t<\/span>\n\t\t\t\t<\/div>\n\t\t\t\t<div class=\"elementor-post__excerpt\">\n\t\t\t<p>En nuestro compromiso constante por modernizarnos y estar m\u00e1s cerca de nuestros afiliados, nos enorgullece anunciar el lanzamiento de la App Oficial de la Caja<\/p>\n\t\t<\/div>\n\t\t\n\t\t<a class=\"elementor-post__read-more\" href=\"https:\/\/cforense.org\/home\/la-caja-forense-de-la-pampa-ahora-en-tu-celular\/\" aria-label=\"Read more about La Caja Forense de La Pampa ahora en tu celular\" tabindex=\"-1\" >\n\t\t\tLeer m\u00e1s \u00bb\t\t<\/a>\n\n\t\t\t\t<\/div>\n\t\t\t\t<\/article>\n\t\t\t\t<article class=\"elementor-post elementor-grid-item post-4283 post type-post status-publish format-standard has-post-thumbnail hentry category-novedades\" role=\"listitem\">\n\t\t\t\t<a class=\"elementor-post__thumbnail__link\" href=\"https:\/\/cforense.org\/home\/nueva-oferta-academica-gestion-de-cajas-de-prevision-y-seguridad-social\/\" tabindex=\"-1\" >\n\t\t\t<div class=\"elementor-post__thumbnail\"><img decoding=\"async\" width=\"1080\" height=\"700\" data-src=\"https:\/\/cforense.org\/home\/wp-content\/uploads\/2026\/03\/CORD_20260326_DIPLOMATURA-WEB-1.png\" class=\"attachment-full size-full wp-image-4284 lazyload\" alt=\"\" data-srcset=\"https:\/\/cforense.org\/home\/wp-content\/uploads\/2026\/03\/CORD_20260326_DIPLOMATURA-WEB-1.png 1080w, https:\/\/cforense.org\/home\/wp-content\/uploads\/2026\/03\/CORD_20260326_DIPLOMATURA-WEB-1-300x194.png 300w, https:\/\/cforense.org\/home\/wp-content\/uploads\/2026\/03\/CORD_20260326_DIPLOMATURA-WEB-1-1024x664.png 1024w, https:\/\/cforense.org\/home\/wp-content\/uploads\/2026\/03\/CORD_20260326_DIPLOMATURA-WEB-1-768x498.png 768w\" data-sizes=\"(max-width: 1080px) 100vw, 1080px\" src=\"data:image\/svg+xml;base64,PHN2ZyB3aWR0aD0iMSIgaGVpZ2h0PSIxIiB4bWxucz0iaHR0cDovL3d3dy53My5vcmcvMjAwMC9zdmciPjwvc3ZnPg==\" style=\"--smush-placeholder-width: 1080px; --smush-placeholder-aspect-ratio: 1080\/700;\" \/><\/div>\n\t\t<\/a>\n\t\t\t\t<div class=\"elementor-post__text\">\n\t\t\t\t<h3 class=\"elementor-post__title\">\n\t\t\t<a href=\"https:\/\/cforense.org\/home\/nueva-oferta-academica-gestion-de-cajas-de-prevision-y-seguridad-social\/\" >\n\t\t\t\tNueva Oferta Acad\u00e9mica: Gesti\u00f3n de Cajas de Previsi\u00f3n y Seguridad Social\t\t\t<\/a>\n\t\t<\/h3>\n\t\t\t\t<div class=\"elementor-post__meta-data\">\n\t\t\t\t\t<span class=\"elementor-post-date\">\n\t\t\t30\/03\/2026\t\t<\/span>\n\t\t\t\t<\/div>\n\t\t\t\t<div class=\"elementor-post__excerpt\">\n\t\t\t<p>Desde la Caja Forense de La Pampa les compartimos a nuestros afiliados que, como parte de la oferta acad\u00e9mica brindada por la Facultad de Ciencias<\/p>\n\t\t<\/div>\n\t\t\n\t\t<a class=\"elementor-post__read-more\" href=\"https:\/\/cforense.org\/home\/nueva-oferta-academica-gestion-de-cajas-de-prevision-y-seguridad-social\/\" aria-label=\"Read more about Nueva Oferta Acad\u00e9mica: Gesti\u00f3n de Cajas de Previsi\u00f3n y Seguridad Social\" tabindex=\"-1\" >\n\t\t\tLeer m\u00e1s \u00bb\t\t<\/a>\n\n\t\t\t\t<\/div>\n\t\t\t\t<\/article>\n\t\t\t\t<\/div>\n\t\t\n\t\t\t\t\t\t<\/div>\n\t\t\t\t<\/div>\n\t\t\t\t\t<\/div>\n\t\t\t\t<\/div>\n\t\t\t\t<\/div>\n\t\t\t\t\t<\/div>\n\t\t\t\t<\/div>\n\t\t\t\t<\/div>\n\t\t","protected":false},"excerpt":{"rendered":"<p>Novedades<\/p>\n","protected":false},"author":23,"featured_media":0,"parent":0,"menu_order":0,"comment_status":"closed","ping_status":"closed","template":"","meta":{"_joinchat":[],"footnotes":""},"class_list":["post-2668","page","type-page","status-publish","hentry"],"_links":{"self":[{"href":"https:\/\/cforense.org\/home\/wp-json\/wp\/v2\/pages\/2668","targetHints":{"allow":["GET"]}}],"collection":[{"href":"https:\/\/cforense.org\/home\/wp-json\/wp\/v2\/pages"}],"about":[{"href":"https:\/\/cforense.org\/home\/wp-json\/wp\/v2\/types\/page"}],"author":[{"embeddable":true,"href":"https:\/\/cforense.org\/home\/wp-json\/wp\/v2\/users\/23"}],"replies":[{"embeddable":true,"href":"https:\/\/cforense.org\/home\/wp-json\/wp\/v2\/comments?post=2668"}],"version-history":[{"count":0,"href":"https:\/\/cforense.org\/home\/wp-json\/wp\/v2\/pages\/2668\/revisions"}],"wp:attachment":[{"href":"https:\/\/cforense.org\/home\/wp-json\/wp\/v2\/media?parent=2668"}],"curies":[{"name":"wp","href":"https:\/\/api.w.org\/{rel}","templated":true}]}}