{"id":1766,"date":"2022-07-06T14:26:55","date_gmt":"2022-07-06T14:26:55","guid":{"rendered":"http:\/\/sd-1366490-h00002.ferozo.net\/home\/?page_id=1766"},"modified":"2025-04-21T14:05:04","modified_gmt":"2025-04-21T17:05:04","slug":"beneficios-medicina-prepaga","status":"publish","type":"page","link":"https:\/\/cforense.org\/home\/beneficios-medicina-prepaga\/","title":{"rendered":"Beneficios Medicina Prepaga"},"content":{"rendered":"\t\t<div data-elementor-type=\"wp-page\" data-elementor-id=\"1766\" class=\"elementor elementor-1766\" data-elementor-post-type=\"page\">\n\t\t\t\t<div class=\"elementor-element elementor-element-f471736 e-flex e-con-boxed e-con e-parent\" data-id=\"f471736\" data-element_type=\"container\" data-e-type=\"container\" data-settings=\"{&quot;jet_parallax_layout_list&quot;:[]}\">\n\t\t\t\t\t<div class=\"e-con-inner\">\n\t\t<div class=\"elementor-element elementor-element-ff26b44 e-con-full e-flex e-con e-child\" data-id=\"ff26b44\" data-element_type=\"container\" data-e-type=\"container\" data-settings=\"{&quot;jet_parallax_layout_list&quot;:[]}\">\n\t\t<div class=\"elementor-element elementor-element-0e59580 e-flex e-con-boxed e-con e-child\" data-id=\"0e59580\" data-element_type=\"container\" data-e-type=\"container\" data-settings=\"{&quot;jet_parallax_layout_list&quot;:[]}\">\n\t\t\t\t\t<div class=\"e-con-inner\">\n\t\t\t\t<div class=\"elementor-element elementor-element-d48e384 elementor-widget__width-auto elementor-widget elementor-widget-heading\" data-id=\"d48e384\" data-element_type=\"widget\" data-e-type=\"widget\" data-widget_type=\"heading.default\">\n\t\t\t\t<div class=\"elementor-widget-container\">\n\t\t\t\t\t<h2 class=\"elementor-heading-title elementor-size-default\">Beneficios Medicina Prepaga<\/h2>\t\t\t\t<\/div>\n\t\t\t\t<\/div>\n\t\t\t\t\t<\/div>\n\t\t\t\t<\/div>\n\t\t<div class=\"elementor-element elementor-element-3cdf3bc e-flex e-con-boxed e-con e-child\" data-id=\"3cdf3bc\" data-element_type=\"container\" data-e-type=\"container\" data-settings=\"{&quot;jet_parallax_layout_list&quot;:[]}\">\n\t\t\t\t\t<div class=\"e-con-inner\">\n\t\t\t\t<div class=\"elementor-element elementor-element-bcb1e2a gallery-spacing-custom elementor-widget elementor-widget-image-gallery\" data-id=\"bcb1e2a\" data-element_type=\"widget\" data-e-type=\"widget\" data-widget_type=\"image-gallery.default\">\n\t\t\t\t<div class=\"elementor-widget-container\">\n\t\t\t\t\t\t\t<div class=\"elementor-image-gallery\">\n\t\t\t<div id='gallery-1' class='gallery galleryid-1766 gallery-columns-1 gallery-size-full'><figure class='gallery-item'>\n\t\t\t<div class='gallery-icon landscape'>\n\t\t\t\t<a data-elementor-open-lightbox=\"yes\" data-elementor-lightbox-slideshow=\"bcb1e2a\" data-e-action-hash=\"#elementor-action%3Aaction%3Dlightbox%26settings%3DeyJpZCI6MzkxMiwidXJsIjoiaHR0cHM6XC9cL2Nmb3JlbnNlLm9yZ1wvaG9tZVwvd3AtY29udGVudFwvdXBsb2Fkc1wvMjAyNVwvMDRcL0NGX0xQXzA0XzIxXzIwMjVfUGxhY2FXZWJfU2FuY29yLTEucG5nIiwic2xpZGVzaG93IjoiYmNiMWUyYSJ9\" href='https:\/\/cforense.org\/home\/wp-content\/uploads\/2025\/04\/CF_LP_04_21_2025_PlacaWeb_Sancor-1.png'><img fetchpriority=\"high\" decoding=\"async\" width=\"880\" height=\"330\" src=\"https:\/\/cforense.org\/home\/wp-content\/uploads\/2025\/04\/CF_LP_04_21_2025_PlacaWeb_Sancor-1.png\" class=\"attachment-full size-full\" alt=\"\" aria-describedby=\"gallery-1-3912\" srcset=\"https:\/\/cforense.org\/home\/wp-content\/uploads\/2025\/04\/CF_LP_04_21_2025_PlacaWeb_Sancor-1.png 880w, https:\/\/cforense.org\/home\/wp-content\/uploads\/2025\/04\/CF_LP_04_21_2025_PlacaWeb_Sancor-1-300x113.png 300w, https:\/\/cforense.org\/home\/wp-content\/uploads\/2025\/04\/CF_LP_04_21_2025_PlacaWeb_Sancor-1-768x288.png 768w\" sizes=\"(max-width: 880px) 100vw, 880px\" \/><\/a>\n\t\t\t<\/div>\n\t\t\t\t<figcaption class='wp-caption-text gallery-caption' id='gallery-1-3912'>\n\t\t\t\tSancor Salud\n\t\t\t\t<\/figcaption><\/figure><figure class='gallery-item'>\n\t\t\t<div class='gallery-icon landscape'>\n\t\t\t\t<a data-elementor-open-lightbox=\"yes\" data-elementor-lightbox-slideshow=\"bcb1e2a\" data-e-action-hash=\"#elementor-action%3Aaction%3Dlightbox%26settings%3DeyJpZCI6MzkxMywidXJsIjoiaHR0cHM6XC9cL2Nmb3JlbnNlLm9yZ1wvaG9tZVwvd3AtY29udGVudFwvdXBsb2Fkc1wvMjAyNVwvMDRcL0NGX0xQXzA0XzIxXzIwMjVfUGxhY2FXZWJfZmVkZXJhZGEucG5nIiwic2xpZGVzaG93IjoiYmNiMWUyYSJ9\" href='https:\/\/cforense.org\/home\/wp-content\/uploads\/2025\/04\/CF_LP_04_21_2025_PlacaWeb_federada.png'><img decoding=\"async\" width=\"1760\" height=\"660\" data-src=\"https:\/\/cforense.org\/home\/wp-content\/uploads\/2025\/04\/CF_LP_04_21_2025_PlacaWeb_federada.png\" class=\"attachment-full size-full lazyload\" alt=\"\" aria-describedby=\"gallery-1-3913\" data-srcset=\"https:\/\/cforense.org\/home\/wp-content\/uploads\/2025\/04\/CF_LP_04_21_2025_PlacaWeb_federada.png 1760w, https:\/\/cforense.org\/home\/wp-content\/uploads\/2025\/04\/CF_LP_04_21_2025_PlacaWeb_federada-300x113.png 300w, https:\/\/cforense.org\/home\/wp-content\/uploads\/2025\/04\/CF_LP_04_21_2025_PlacaWeb_federada-1024x384.png 1024w, https:\/\/cforense.org\/home\/wp-content\/uploads\/2025\/04\/CF_LP_04_21_2025_PlacaWeb_federada-768x288.png 768w, https:\/\/cforense.org\/home\/wp-content\/uploads\/2025\/04\/CF_LP_04_21_2025_PlacaWeb_federada-1536x576.png 1536w\" data-sizes=\"(max-width: 1760px) 100vw, 1760px\" src=\"data:image\/svg+xml;base64,PHN2ZyB3aWR0aD0iMSIgaGVpZ2h0PSIxIiB4bWxucz0iaHR0cDovL3d3dy53My5vcmcvMjAwMC9zdmciPjwvc3ZnPg==\" style=\"--smush-placeholder-width: 1760px; --smush-placeholder-aspect-ratio: 1760\/660;\" \/><\/a>\n\t\t\t<\/div>\n\t\t\t\t<figcaption class='wp-caption-text gallery-caption' id='gallery-1-3913'>\n\t\t\t\tFederada Salud\n\t\t\t\t<\/figcaption><\/figure>\n\t\t<\/div>\n\t\t<\/div>\n\t\t\t\t\t\t<\/div>\n\t\t\t\t<\/div>\n\t\t\t\t\t<\/div>\n\t\t\t\t<\/div>\n\t\t\t\t<\/div>\n\t\t<div class=\"elementor-element elementor-element-4f60d99 e-con-full e-flex e-con e-child\" data-id=\"4f60d99\" data-element_type=\"container\" data-e-type=\"container\" data-settings=\"{&quot;jet_parallax_layout_list&quot;:[]}\">\n\t\t<div class=\"elementor-element elementor-element-6df43f3 e-flex e-con-boxed e-con e-child\" data-id=\"6df43f3\" data-element_type=\"container\" data-e-type=\"container\" data-settings=\"{&quot;jet_parallax_layout_list&quot;:[],&quot;sticky&quot;:&quot;top&quot;,&quot;sticky_on&quot;:[&quot;desktop&quot;,&quot;laptop&quot;,&quot;tablet&quot;],&quot;sticky_parent&quot;:&quot;yes&quot;,&quot;sticky_offset&quot;:0,&quot;sticky_effects_offset&quot;:0,&quot;sticky_anchor_link_offset&quot;:0}\">\n\t\t\t\t\t<div class=\"e-con-inner\">\n\t\t<div class=\"elementor-element elementor-element-cb4831d e-flex e-con-boxed e-con e-child\" data-id=\"cb4831d\" data-element_type=\"container\" data-e-type=\"container\" data-settings=\"{&quot;jet_parallax_layout_list&quot;:[]}\">\n\t\t\t\t\t<div class=\"e-con-inner\">\n\t\t\t\t<div class=\"elementor-element elementor-element-f3f4c0a elementor-widget__width-auto elementor-widget elementor-widget-heading\" data-id=\"f3f4c0a\" data-element_type=\"widget\" data-e-type=\"widget\" data-widget_type=\"heading.default\">\n\t\t\t\t<div class=\"elementor-widget-container\">\n\t\t\t\t\t<h2 class=\"elementor-heading-title elementor-size-default\">Novedades<\/h2>\t\t\t\t<\/div>\n\t\t\t\t<\/div>\n\t\t\t\t\t<\/div>\n\t\t\t\t<\/div>\n\t\t\t\t<div class=\"elementor-element elementor-element-4f1ee8e elementor-grid-1 elementor-grid-tablet-1 elementor-grid-mobile-1 elementor-posts--thumbnail-top elementor-widget elementor-widget-posts\" data-id=\"4f1ee8e\" data-element_type=\"widget\" data-e-type=\"widget\" data-settings=\"{&quot;classic_columns&quot;:&quot;1&quot;,&quot;classic_columns_tablet&quot;:&quot;1&quot;,&quot;classic_columns_mobile&quot;:&quot;1&quot;,&quot;classic_row_gap&quot;:{&quot;unit&quot;:&quot;px&quot;,&quot;size&quot;:35,&quot;sizes&quot;:[]},&quot;classic_row_gap_laptop&quot;:{&quot;unit&quot;:&quot;px&quot;,&quot;size&quot;:&quot;&quot;,&quot;sizes&quot;:[]},&quot;classic_row_gap_tablet&quot;:{&quot;unit&quot;:&quot;px&quot;,&quot;size&quot;:&quot;&quot;,&quot;sizes&quot;:[]},&quot;classic_row_gap_mobile&quot;:{&quot;unit&quot;:&quot;px&quot;,&quot;size&quot;:&quot;&quot;,&quot;sizes&quot;:[]}}\" data-widget_type=\"posts.classic\">\n\t\t\t\t<div class=\"elementor-widget-container\">\n\t\t\t\t\t\t\t<div class=\"elementor-posts-container elementor-posts elementor-posts--skin-classic elementor-grid\" role=\"list\">\n\t\t\t\t<article class=\"elementor-post elementor-grid-item post-4287 post type-post status-publish format-standard has-post-thumbnail hentry category-institucional\" role=\"listitem\">\n\t\t\t\t<a class=\"elementor-post__thumbnail__link\" href=\"https:\/\/cforense.org\/home\/la-caja-forense-de-la-pampa-ahora-en-tu-celular\/\" tabindex=\"-1\" >\n\t\t\t<div class=\"elementor-post__thumbnail\"><img decoding=\"async\" width=\"1072\" height=\"556\" data-src=\"https:\/\/cforense.org\/home\/wp-content\/uploads\/2026\/03\/CF_LP_20260326_APP-WEB.png\" class=\"attachment-full size-full wp-image-4288 lazyload\" alt=\"\" data-srcset=\"https:\/\/cforense.org\/home\/wp-content\/uploads\/2026\/03\/CF_LP_20260326_APP-WEB.png 1072w, https:\/\/cforense.org\/home\/wp-content\/uploads\/2026\/03\/CF_LP_20260326_APP-WEB-300x156.png 300w, https:\/\/cforense.org\/home\/wp-content\/uploads\/2026\/03\/CF_LP_20260326_APP-WEB-1024x531.png 1024w, https:\/\/cforense.org\/home\/wp-content\/uploads\/2026\/03\/CF_LP_20260326_APP-WEB-768x398.png 768w\" data-sizes=\"(max-width: 1072px) 100vw, 1072px\" src=\"data:image\/svg+xml;base64,PHN2ZyB3aWR0aD0iMSIgaGVpZ2h0PSIxIiB4bWxucz0iaHR0cDovL3d3dy53My5vcmcvMjAwMC9zdmciPjwvc3ZnPg==\" style=\"--smush-placeholder-width: 1072px; --smush-placeholder-aspect-ratio: 1072\/556;\" \/><\/div>\n\t\t<\/a>\n\t\t\t\t<div class=\"elementor-post__text\">\n\t\t\t\t<h3 class=\"elementor-post__title\">\n\t\t\t<a href=\"https:\/\/cforense.org\/home\/la-caja-forense-de-la-pampa-ahora-en-tu-celular\/\" >\n\t\t\t\tLa Caja Forense de La Pampa ahora en tu celular\t\t\t<\/a>\n\t\t<\/h3>\n\t\t\t\t<div class=\"elementor-post__meta-data\">\n\t\t\t\t\t<span class=\"elementor-post-date\">\n\t\t\t30\/03\/2026\t\t<\/span>\n\t\t\t\t<\/div>\n\t\t\t\t<div class=\"elementor-post__excerpt\">\n\t\t\t<p>En nuestro compromiso constante por modernizarnos y estar m\u00e1s cerca de nuestros afiliados, nos enorgullece anunciar el lanzamiento de la App Oficial de la Caja<\/p>\n\t\t<\/div>\n\t\t\n\t\t<a class=\"elementor-post__read-more\" href=\"https:\/\/cforense.org\/home\/la-caja-forense-de-la-pampa-ahora-en-tu-celular\/\" aria-label=\"Read more about La Caja Forense de La Pampa ahora en tu celular\" tabindex=\"-1\" >\n\t\t\tLeer m\u00e1s \u00bb\t\t<\/a>\n\n\t\t\t\t<\/div>\n\t\t\t\t<\/article>\n\t\t\t\t<article class=\"elementor-post elementor-grid-item post-4283 post type-post status-publish format-standard has-post-thumbnail hentry category-novedades\" role=\"listitem\">\n\t\t\t\t<a class=\"elementor-post__thumbnail__link\" href=\"https:\/\/cforense.org\/home\/nueva-oferta-academica-gestion-de-cajas-de-prevision-y-seguridad-social\/\" tabindex=\"-1\" >\n\t\t\t<div class=\"elementor-post__thumbnail\"><img decoding=\"async\" width=\"1080\" height=\"700\" data-src=\"https:\/\/cforense.org\/home\/wp-content\/uploads\/2026\/03\/CORD_20260326_DIPLOMATURA-WEB-1.png\" class=\"attachment-full size-full wp-image-4284 lazyload\" alt=\"\" data-srcset=\"https:\/\/cforense.org\/home\/wp-content\/uploads\/2026\/03\/CORD_20260326_DIPLOMATURA-WEB-1.png 1080w, https:\/\/cforense.org\/home\/wp-content\/uploads\/2026\/03\/CORD_20260326_DIPLOMATURA-WEB-1-300x194.png 300w, https:\/\/cforense.org\/home\/wp-content\/uploads\/2026\/03\/CORD_20260326_DIPLOMATURA-WEB-1-1024x664.png 1024w, https:\/\/cforense.org\/home\/wp-content\/uploads\/2026\/03\/CORD_20260326_DIPLOMATURA-WEB-1-768x498.png 768w\" data-sizes=\"(max-width: 1080px) 100vw, 1080px\" src=\"data:image\/svg+xml;base64,PHN2ZyB3aWR0aD0iMSIgaGVpZ2h0PSIxIiB4bWxucz0iaHR0cDovL3d3dy53My5vcmcvMjAwMC9zdmciPjwvc3ZnPg==\" style=\"--smush-placeholder-width: 1080px; --smush-placeholder-aspect-ratio: 1080\/700;\" \/><\/div>\n\t\t<\/a>\n\t\t\t\t<div class=\"elementor-post__text\">\n\t\t\t\t<h3 class=\"elementor-post__title\">\n\t\t\t<a href=\"https:\/\/cforense.org\/home\/nueva-oferta-academica-gestion-de-cajas-de-prevision-y-seguridad-social\/\" >\n\t\t\t\tNueva Oferta Acad\u00e9mica: Gesti\u00f3n de Cajas de Previsi\u00f3n y Seguridad Social\t\t\t<\/a>\n\t\t<\/h3>\n\t\t\t\t<div class=\"elementor-post__meta-data\">\n\t\t\t\t\t<span class=\"elementor-post-date\">\n\t\t\t30\/03\/2026\t\t<\/span>\n\t\t\t\t<\/div>\n\t\t\t\t<div class=\"elementor-post__excerpt\">\n\t\t\t<p>Desde la Caja Forense de La Pampa les compartimos a nuestros afiliados que, como parte de la oferta acad\u00e9mica brindada por la Facultad de Ciencias<\/p>\n\t\t<\/div>\n\t\t\n\t\t<a class=\"elementor-post__read-more\" href=\"https:\/\/cforense.org\/home\/nueva-oferta-academica-gestion-de-cajas-de-prevision-y-seguridad-social\/\" aria-label=\"Read more about Nueva Oferta Acad\u00e9mica: Gesti\u00f3n de Cajas de Previsi\u00f3n y Seguridad Social\" tabindex=\"-1\" >\n\t\t\tLeer m\u00e1s \u00bb\t\t<\/a>\n\n\t\t\t\t<\/div>\n\t\t\t\t<\/article>\n\t\t\t\t<\/div>\n\t\t\n\t\t\t\t\t\t<\/div>\n\t\t\t\t<\/div>\n\t\t\t\t\t<\/div>\n\t\t\t\t<\/div>\n\t\t\t\t<\/div>\n\t\t\t\t\t<\/div>\n\t\t\t\t<\/div>\n\t\t\t\t<\/div>\n\t\t","protected":false},"excerpt":{"rendered":"<p>Sancor Salud Federada Salud Novedades<\/p>\n","protected":false},"author":2,"featured_media":0,"parent":0,"menu_order":0,"comment_status":"closed","ping_status":"closed","template":"","meta":{"_joinchat":[],"footnotes":""},"class_list":["post-1766","page","type-page","status-publish","hentry"],"_links":{"self":[{"href":"https:\/\/cforense.org\/home\/wp-json\/wp\/v2\/pages\/1766","targetHints":{"allow":["GET"]}}],"collection":[{"href":"https:\/\/cforense.org\/home\/wp-json\/wp\/v2\/pages"}],"about":[{"href":"https:\/\/cforense.org\/home\/wp-json\/wp\/v2\/types\/page"}],"author":[{"embeddable":true,"href":"https:\/\/cforense.org\/home\/wp-json\/wp\/v2\/users\/2"}],"replies":[{"embeddable":true,"href":"https:\/\/cforense.org\/home\/wp-json\/wp\/v2\/comments?post=1766"}],"version-history":[{"count":0,"href":"https:\/\/cforense.org\/home\/wp-json\/wp\/v2\/pages\/1766\/revisions"}],"wp:attachment":[{"href":"https:\/\/cforense.org\/home\/wp-json\/wp\/v2\/media?parent=1766"}],"curies":[{"name":"wp","href":"https:\/\/api.w.org\/{rel}","templated":true}]}}