{"id":1757,"date":"2022-07-06T14:18:33","date_gmt":"2022-07-06T14:18:33","guid":{"rendered":"http:\/\/sd-1366490-h00002.ferozo.net\/home\/?page_id=1757"},"modified":"2023-08-29T12:33:57","modified_gmt":"2023-08-29T15:33:57","slug":"seguros-de-vida","status":"publish","type":"page","link":"https:\/\/cforense.org\/home\/seguros-de-vida\/","title":{"rendered":"Seguros de vida"},"content":{"rendered":"\t\t<div data-elementor-type=\"wp-page\" data-elementor-id=\"1757\" class=\"elementor elementor-1757\" data-elementor-post-type=\"page\">\n\t\t\t\t<div class=\"elementor-element elementor-element-f58f876 e-flex e-con-boxed e-con e-parent\" data-id=\"f58f876\" data-element_type=\"container\" data-e-type=\"container\" data-settings=\"{&quot;jet_parallax_layout_list&quot;:[]}\">\n\t\t\t\t\t<div class=\"e-con-inner\">\n\t\t<div class=\"elementor-element elementor-element-1190970 e-con-full e-flex e-con e-parent\" data-id=\"1190970\" data-element_type=\"container\" data-e-type=\"container\" data-settings=\"{&quot;jet_parallax_layout_list&quot;:[]}\">\n\t\t<div class=\"elementor-element elementor-element-1ef919f e-flex e-con-boxed e-con e-parent\" data-id=\"1ef919f\" data-element_type=\"container\" data-e-type=\"container\" data-settings=\"{&quot;jet_parallax_layout_list&quot;:[]}\">\n\t\t\t\t\t<div class=\"e-con-inner\">\n\t\t\t\t<div class=\"elementor-element elementor-element-53143ab elementor-widget__width-auto elementor-widget elementor-widget-heading\" data-id=\"53143ab\" data-element_type=\"widget\" data-e-type=\"widget\" data-widget_type=\"heading.default\">\n\t\t\t\t<div class=\"elementor-widget-container\">\n\t\t\t\t\t<h2 class=\"elementor-heading-title elementor-size-default\">Seguros de vida<\/h2>\t\t\t\t<\/div>\n\t\t\t\t<\/div>\n\t\t\t\t\t<\/div>\n\t\t\t\t<\/div>\n\t\t<div class=\"elementor-element elementor-element-eba9e14 e-flex e-con-boxed e-con e-parent\" data-id=\"eba9e14\" data-element_type=\"container\" data-e-type=\"container\" data-settings=\"{&quot;jet_parallax_layout_list&quot;:[]}\">\n\t\t\t\t\t<div class=\"e-con-inner\">\n\t\t\t\t<div class=\"elementor-element elementor-element-e5fcc8b elementor-widget elementor-widget-image\" data-id=\"e5fcc8b\" data-element_type=\"widget\" data-e-type=\"widget\" data-widget_type=\"image.default\">\n\t\t\t\t<div class=\"elementor-widget-container\">\n\t\t\t\t\t\t\t\t\t\t\t\t\t\t\t<img fetchpriority=\"high\" decoding=\"async\" width=\"800\" height=\"534\" src=\"https:\/\/cforense.org\/home\/wp-content\/uploads\/2023\/07\/SEGURO-1024x684.jpeg\" class=\"attachment-large size-large wp-image-2679\" alt=\"\" srcset=\"https:\/\/cforense.org\/home\/wp-content\/uploads\/2023\/07\/SEGURO-1024x684.jpeg 1024w, https:\/\/cforense.org\/home\/wp-content\/uploads\/2023\/07\/SEGURO-300x200.jpeg 300w, https:\/\/cforense.org\/home\/wp-content\/uploads\/2023\/07\/SEGURO-768x513.jpeg 768w, https:\/\/cforense.org\/home\/wp-content\/uploads\/2023\/07\/SEGURO.jpeg 1203w\" sizes=\"(max-width: 800px) 100vw, 800px\" \/>\t\t\t\t\t\t\t\t\t\t\t\t\t\t\t<\/div>\n\t\t\t\t<\/div>\n\t\t\t\t\t<\/div>\n\t\t\t\t<\/div>\n\t\t<div class=\"elementor-element elementor-element-affe654 e-flex e-con-boxed e-con e-parent\" data-id=\"affe654\" data-element_type=\"container\" data-e-type=\"container\" data-settings=\"{&quot;jet_parallax_layout_list&quot;:[]}\">\n\t\t\t\t\t<div class=\"e-con-inner\">\n\t\t\t\t<div class=\"elementor-element elementor-element-5c49342 elementor-widget elementor-widget-text-editor\" data-id=\"5c49342\" data-element_type=\"widget\" data-e-type=\"widget\" data-widget_type=\"text-editor.default\">\n\t\t\t\t<div class=\"elementor-widget-container\">\n\t\t\t\t\t\t\t\t\t<p><\/p>\n<div class=\"wp-block-columns\">\n<div class=\"wp-block-column\">\n<p>Para acceder a la p\u00f3liza de Seguro Colectivo de Vida se debe completar un formulario que se debe solicitar en cualquiera de las sedes de Caja Forense. En virtud del acuerdo oportunamente suscripto con Sancor Seguros, esta p\u00f3liza de seguro tiene un premio mensual muy por debajo de los valores de mercado y cuenta con una importante serie de coberturas<br>adicionales.<\/p>\n<p>A su vez, el costo anual de la misma puede ser compensado por el afiliado con los excedentes de aportes que registre en su Cuenta Especial. Se descuenta su costo mensual del haber previsional del afiliado. El capital asegurado a partir de agosto de 2023 se increment\u00f3 a la suma de $ 12.500.000,00 hasta los 64 a\u00f1os de edad; a partir de los 65 a\u00f1os \u00e9ste se reduce al 50% ($6.250.000) y se excluyen las coberturas adicionales. Desde los 70 a\u00f1os se reduce nuevamente el<br>capital asegurado de muerte al 50% ($ 3.125.000,00).<\/p>\n<p>Si el Afiliado\/a no se encuentra excluido de las coberturas adicionales por cuestiones de edad, el capital asegurado se duplica en caso de fallecimiento por accidente.<br>Adem\u00e1s, este seguro comprende las siguientes coberturas:<\/p>\n<p><strong>Riesgos Cubiertos:<\/strong><\/p>\n<ul>\n<li>\u2013 Cobertura Principal: Muerte por Enfermedad o Accidente.<br>\u2013 Coberturas Adicionales: Invalidez Total y Permanente por Enfermedad o Accidente, P\u00e9rdidas\n<\/li>\n<li>F\u00edsicas Parciales por Accidentes, Doble Indemnizaci\u00f3n por Muerte Accidental, Rider de salud:<br>Cl\u00e1usula Complementaria de pago parcial anticipado de la indemnizaci\u00f3n por fallecimiento en caso de Enfermedad Terminal.<br>Car\u00e1cter del beneficio: este beneficio es complementario y constituye un anticipo de la indemnizaci\u00f3n prevista en caso de muerte del asegurado.<br>El mencionado rider de salud est\u00e1 en un todo de acuerdo a las condiciones indicadas en su cl\u00e1usula.<\/li>\n<\/ul>\n<p><strong>*Trasplantes:<\/strong><br>Medula $ 70.000,00<br>Coraz\u00f3n $ 60.000,00<br>Coraz\u00f3n-Pulm\u00f3n $60.000,00<br>Ri\u00f1\u00f3n $24.000,00<br>H\u00edgado $70.000,00<br><em>*Hijo p\u00f3stumo (se muere titular var\u00f3n, y la mujer est\u00e1 embarazada, se duplica el capital)<\/em><\/p>\n<p><strong>Requisitos de asegurabilidad:<\/strong><\/p>\n<ul>\n<li>-Per\u00edodo de carencia de 90 d\u00edas salvo accidente<\/li>\n<li>-Declaraci\u00f3n de Salud Reducida.<\/li>\n<\/ul>\n<p><strong>Edad l\u00edmite de ingreso:<\/strong> Podr\u00e1n incorporarse al seguro aquellas personas menores de 65 a\u00f1os de edad.<\/p>\n<p><strong>Edad l\u00edmite de Cobertura:<\/strong> La cobertura principal caducar\u00e1 autom\u00e1ticamente al cumplir el Asegurado los 75 a\u00f1os de edad.<\/p>\n<p>Las coberturas Adicionales caducar\u00e1n autom\u00e1ticamente al cumplir el Asegurado los 65 a\u00f1os de<br>edad.<\/p>\n<\/div>\n<\/div>\n<p><\/p>\t\t\t\t\t\t\t\t<\/div>\n\t\t\t\t<\/div>\n\t\t\t\t\t<\/div>\n\t\t\t\t<\/div>\n\t\t\t\t<\/div>\n\t\t<div class=\"elementor-element elementor-element-248551a e-con-full e-flex e-con e-parent\" data-id=\"248551a\" data-element_type=\"container\" data-e-type=\"container\" data-settings=\"{&quot;jet_parallax_layout_list&quot;:[]}\">\n\t\t<div class=\"elementor-element elementor-element-d27dcd5 e-flex e-con-boxed e-con e-parent\" data-id=\"d27dcd5\" data-element_type=\"container\" data-e-type=\"container\" data-settings=\"{&quot;jet_parallax_layout_list&quot;:[],&quot;sticky&quot;:&quot;top&quot;,&quot;sticky_on&quot;:[&quot;desktop&quot;,&quot;laptop&quot;,&quot;tablet&quot;],&quot;sticky_parent&quot;:&quot;yes&quot;,&quot;sticky_offset&quot;:0,&quot;sticky_effects_offset&quot;:0,&quot;sticky_anchor_link_offset&quot;:0}\">\n\t\t\t\t\t<div class=\"e-con-inner\">\n\t\t<div class=\"elementor-element elementor-element-5dea5f5 e-flex e-con-boxed e-con e-parent\" data-id=\"5dea5f5\" data-element_type=\"container\" data-e-type=\"container\" data-settings=\"{&quot;jet_parallax_layout_list&quot;:[]}\">\n\t\t\t\t\t<div class=\"e-con-inner\">\n\t\t\t\t<div class=\"elementor-element elementor-element-4173059 elementor-widget__width-auto elementor-widget elementor-widget-heading\" data-id=\"4173059\" data-element_type=\"widget\" data-e-type=\"widget\" data-widget_type=\"heading.default\">\n\t\t\t\t<div class=\"elementor-widget-container\">\n\t\t\t\t\t<h2 class=\"elementor-heading-title elementor-size-default\">Novedades<\/h2>\t\t\t\t<\/div>\n\t\t\t\t<\/div>\n\t\t\t\t\t<\/div>\n\t\t\t\t<\/div>\n\t\t\t\t<div class=\"elementor-element elementor-element-433bbc1 elementor-grid-1 elementor-grid-tablet-1 elementor-grid-mobile-1 elementor-posts--thumbnail-top elementor-widget elementor-widget-posts\" data-id=\"433bbc1\" data-element_type=\"widget\" data-e-type=\"widget\" data-settings=\"{&quot;classic_columns&quot;:&quot;1&quot;,&quot;classic_columns_tablet&quot;:&quot;1&quot;,&quot;classic_columns_mobile&quot;:&quot;1&quot;,&quot;classic_row_gap&quot;:{&quot;unit&quot;:&quot;px&quot;,&quot;size&quot;:35,&quot;sizes&quot;:[]},&quot;classic_row_gap_laptop&quot;:{&quot;unit&quot;:&quot;px&quot;,&quot;size&quot;:&quot;&quot;,&quot;sizes&quot;:[]},&quot;classic_row_gap_tablet&quot;:{&quot;unit&quot;:&quot;px&quot;,&quot;size&quot;:&quot;&quot;,&quot;sizes&quot;:[]},&quot;classic_row_gap_mobile&quot;:{&quot;unit&quot;:&quot;px&quot;,&quot;size&quot;:&quot;&quot;,&quot;sizes&quot;:[]}}\" data-widget_type=\"posts.classic\">\n\t\t\t\t<div class=\"elementor-widget-container\">\n\t\t\t\t\t\t\t<div class=\"elementor-posts-container elementor-posts elementor-posts--skin-classic elementor-grid\" role=\"list\">\n\t\t\t\t<article class=\"elementor-post elementor-grid-item post-4287 post type-post status-publish format-standard has-post-thumbnail hentry category-institucional\" role=\"listitem\">\n\t\t\t\t<a class=\"elementor-post__thumbnail__link\" href=\"https:\/\/cforense.org\/home\/la-caja-forense-de-la-pampa-ahora-en-tu-celular\/\" tabindex=\"-1\" >\n\t\t\t<div class=\"elementor-post__thumbnail\"><img decoding=\"async\" width=\"1072\" height=\"556\" data-src=\"https:\/\/cforense.org\/home\/wp-content\/uploads\/2026\/03\/CF_LP_20260326_APP-WEB.png\" class=\"attachment-full size-full wp-image-4288 lazyload\" alt=\"\" data-srcset=\"https:\/\/cforense.org\/home\/wp-content\/uploads\/2026\/03\/CF_LP_20260326_APP-WEB.png 1072w, https:\/\/cforense.org\/home\/wp-content\/uploads\/2026\/03\/CF_LP_20260326_APP-WEB-300x156.png 300w, https:\/\/cforense.org\/home\/wp-content\/uploads\/2026\/03\/CF_LP_20260326_APP-WEB-1024x531.png 1024w, https:\/\/cforense.org\/home\/wp-content\/uploads\/2026\/03\/CF_LP_20260326_APP-WEB-768x398.png 768w\" data-sizes=\"(max-width: 1072px) 100vw, 1072px\" src=\"data:image\/svg+xml;base64,PHN2ZyB3aWR0aD0iMSIgaGVpZ2h0PSIxIiB4bWxucz0iaHR0cDovL3d3dy53My5vcmcvMjAwMC9zdmciPjwvc3ZnPg==\" style=\"--smush-placeholder-width: 1072px; --smush-placeholder-aspect-ratio: 1072\/556;\" \/><\/div>\n\t\t<\/a>\n\t\t\t\t<div class=\"elementor-post__text\">\n\t\t\t\t<h3 class=\"elementor-post__title\">\n\t\t\t<a href=\"https:\/\/cforense.org\/home\/la-caja-forense-de-la-pampa-ahora-en-tu-celular\/\" >\n\t\t\t\tLa Caja Forense de La Pampa ahora en tu celular\t\t\t<\/a>\n\t\t<\/h3>\n\t\t\t\t<div class=\"elementor-post__meta-data\">\n\t\t\t\t\t<span class=\"elementor-post-date\">\n\t\t\t30\/03\/2026\t\t<\/span>\n\t\t\t\t<\/div>\n\t\t\t\t<div class=\"elementor-post__excerpt\">\n\t\t\t<p>En nuestro compromiso constante por modernizarnos y estar m\u00e1s cerca de nuestros afiliados, nos enorgullece anunciar el lanzamiento de la App Oficial de la Caja<\/p>\n\t\t<\/div>\n\t\t\n\t\t<a class=\"elementor-post__read-more\" href=\"https:\/\/cforense.org\/home\/la-caja-forense-de-la-pampa-ahora-en-tu-celular\/\" aria-label=\"Read more about La Caja Forense de La Pampa ahora en tu celular\" tabindex=\"-1\" >\n\t\t\tLeer m\u00e1s \u00bb\t\t<\/a>\n\n\t\t\t\t<\/div>\n\t\t\t\t<\/article>\n\t\t\t\t<article class=\"elementor-post elementor-grid-item post-4283 post type-post status-publish format-standard has-post-thumbnail hentry category-novedades\" role=\"listitem\">\n\t\t\t\t<a class=\"elementor-post__thumbnail__link\" href=\"https:\/\/cforense.org\/home\/nueva-oferta-academica-gestion-de-cajas-de-prevision-y-seguridad-social\/\" tabindex=\"-1\" >\n\t\t\t<div class=\"elementor-post__thumbnail\"><img decoding=\"async\" width=\"1080\" height=\"700\" data-src=\"https:\/\/cforense.org\/home\/wp-content\/uploads\/2026\/03\/CORD_20260326_DIPLOMATURA-WEB-1.png\" class=\"attachment-full size-full wp-image-4284 lazyload\" alt=\"\" data-srcset=\"https:\/\/cforense.org\/home\/wp-content\/uploads\/2026\/03\/CORD_20260326_DIPLOMATURA-WEB-1.png 1080w, https:\/\/cforense.org\/home\/wp-content\/uploads\/2026\/03\/CORD_20260326_DIPLOMATURA-WEB-1-300x194.png 300w, https:\/\/cforense.org\/home\/wp-content\/uploads\/2026\/03\/CORD_20260326_DIPLOMATURA-WEB-1-1024x664.png 1024w, https:\/\/cforense.org\/home\/wp-content\/uploads\/2026\/03\/CORD_20260326_DIPLOMATURA-WEB-1-768x498.png 768w\" data-sizes=\"(max-width: 1080px) 100vw, 1080px\" src=\"data:image\/svg+xml;base64,PHN2ZyB3aWR0aD0iMSIgaGVpZ2h0PSIxIiB4bWxucz0iaHR0cDovL3d3dy53My5vcmcvMjAwMC9zdmciPjwvc3ZnPg==\" style=\"--smush-placeholder-width: 1080px; --smush-placeholder-aspect-ratio: 1080\/700;\" \/><\/div>\n\t\t<\/a>\n\t\t\t\t<div class=\"elementor-post__text\">\n\t\t\t\t<h3 class=\"elementor-post__title\">\n\t\t\t<a href=\"https:\/\/cforense.org\/home\/nueva-oferta-academica-gestion-de-cajas-de-prevision-y-seguridad-social\/\" >\n\t\t\t\tNueva Oferta Acad\u00e9mica: Gesti\u00f3n de Cajas de Previsi\u00f3n y Seguridad Social\t\t\t<\/a>\n\t\t<\/h3>\n\t\t\t\t<div class=\"elementor-post__meta-data\">\n\t\t\t\t\t<span class=\"elementor-post-date\">\n\t\t\t30\/03\/2026\t\t<\/span>\n\t\t\t\t<\/div>\n\t\t\t\t<div class=\"elementor-post__excerpt\">\n\t\t\t<p>Desde la Caja Forense de La Pampa les compartimos a nuestros afiliados que, como parte de la oferta acad\u00e9mica brindada por la Facultad de Ciencias<\/p>\n\t\t<\/div>\n\t\t\n\t\t<a class=\"elementor-post__read-more\" href=\"https:\/\/cforense.org\/home\/nueva-oferta-academica-gestion-de-cajas-de-prevision-y-seguridad-social\/\" aria-label=\"Read more about Nueva Oferta Acad\u00e9mica: Gesti\u00f3n de Cajas de Previsi\u00f3n y Seguridad Social\" tabindex=\"-1\" >\n\t\t\tLeer m\u00e1s \u00bb\t\t<\/a>\n\n\t\t\t\t<\/div>\n\t\t\t\t<\/article>\n\t\t\t\t<\/div>\n\t\t\n\t\t\t\t\t\t<\/div>\n\t\t\t\t<\/div>\n\t\t\t\t\t<\/div>\n\t\t\t\t<\/div>\n\t\t\t\t<\/div>\n\t\t\t\t\t<\/div>\n\t\t\t\t<\/div>\n\t\t\t\t<\/div>\n\t\t","protected":false},"excerpt":{"rendered":"<p>Para acceder a la p\u00f3liza de Seguro Colectivo de Vida se debe completar un formulario que se debe solicitar en cualquiera de las sedes de Caja Forense. En virtud del acuerdo oportunamente suscripto con Sancor Seguros, esta p\u00f3liza de seguro tiene un premio mensual muy por debajo de los valores de mercado y cuenta con [&hellip;]<\/p>\n","protected":false},"author":2,"featured_media":0,"parent":0,"menu_order":0,"comment_status":"closed","ping_status":"closed","template":"","meta":{"_joinchat":[],"footnotes":""},"class_list":["post-1757","page","type-page","status-publish","hentry"],"_links":{"self":[{"href":"https:\/\/cforense.org\/home\/wp-json\/wp\/v2\/pages\/1757","targetHints":{"allow":["GET"]}}],"collection":[{"href":"https:\/\/cforense.org\/home\/wp-json\/wp\/v2\/pages"}],"about":[{"href":"https:\/\/cforense.org\/home\/wp-json\/wp\/v2\/types\/page"}],"author":[{"embeddable":true,"href":"https:\/\/cforense.org\/home\/wp-json\/wp\/v2\/users\/2"}],"replies":[{"embeddable":true,"href":"https:\/\/cforense.org\/home\/wp-json\/wp\/v2\/comments?post=1757"}],"version-history":[{"count":0,"href":"https:\/\/cforense.org\/home\/wp-json\/wp\/v2\/pages\/1757\/revisions"}],"wp:attachment":[{"href":"https:\/\/cforense.org\/home\/wp-json\/wp\/v2\/media?parent=1757"}],"curies":[{"name":"wp","href":"https:\/\/api.w.org\/{rel}","templated":true}]}}